{"id":1348,"date":"2019-02-26T17:08:46","date_gmt":"2019-02-26T16:08:46","guid":{"rendered":"http:\/\/consultprevsante.com\/?page_id=1348"},"modified":"2025-03-16T22:20:02","modified_gmt":"2025-03-16T21:20:02","slug":"osteopathie","status":"publish","type":"page","link":"https:\/\/consultprevsante.com\/index.php\/osteopathie\/","title":{"rendered":"COACHING\u00a0EN SANTE GLOBALE"},"content":{"rendered":"\n<div class=\"wp-block-buttons is-content-justification-center is-layout-flex wp-container-core-buttons-is-layout-1 wp-block-buttons-is-layout-flex\">\n<div class=\"wp-block-button is-style-fill\"><a class=\"wp-block-button__link has-midnight-gradient-background has-background has-text-align-center wp-element-button\" href=\"https:\/\/socoachingsante.com\">Aller sur le site<\/a><\/div>\n<\/div>\n\n\n<p><strong>LE BILAN:<\/strong><\/p>\n<h3>Le bilan permet par une \u00e9coute attentive de votre parcours de d\u00e9finir un plan d\u2019action selon les 3 axes du coaching, qui sont le coaching physique, le coaching \u00e9motionnel et le coaching alimentaire. Vous venez de d\u00e9couvrir une maladie de civilisation, comme un cancer: la m\u00e9decine vous propose des traitements allopathiques, et le coaching vous permet parall\u00e8lement de vous accompagner sur les 3 plans sans jamais se substituer aux traitements m\u00e9dicaux.<\/h3>\n<h3>Vous voulez am\u00e9liorer votre bien-\u00eatre quotidien, vous ne savez pas vraiment ce qu&#8217;il faut changer pour aller mieux? Le coaching Sant\u00e9 est l\u00e0 pour vous permettre d&#8217;y voir clair et de changer ce qui ne va pas afin de vous sentir plus performant dans votre quotidien.<\/h3>\n<h3>Pour en savoir plus sur le Bilan de coaching et le suivi , aller sur<strong> le site <span style=\"color: #0000ff;\"><em>https:\/\/\/<\/em><\/span><\/strong><span style=\"color: #0000ff;\"><em>www.socoachingsante.com<\/em><\/span><\/h3>\n<p><\/p>\n<p><strong>COACHING<\/strong>&nbsp;<strong>PHYSIQUE<\/strong><\/p>\n<p><strong>&nbsp;<\/strong>LES TECHNIQUES<\/p>\n<h2>L<strong>\u2018ost\u00e9opathie<\/strong><\/h2>\n<h3>La pratique de l\u2019Ost\u00e9opathie repose&nbsp; sur une notion de globalit\u00e9 mettant en avant la relation entre la structure (os, articulation, cartilage\u2026) et la fonction g\u00e9r\u00e9e par le syst\u00e8me neurologique et vasculaire, soutenus par le r\u00e9gulateur hormonal. Le praticien respecte les limites de sa comp\u00e9tence pour garantir la s\u00e9curit\u00e9 du patient.<\/h3>\n<h3>L\u2019Ost\u00e9opathie s\u2019adresse aux b\u00e9b\u00e9s (avec des techniques douces sp\u00e9cifiques), aux enfants et aux adultes.<\/h3>\n\n\n<figure class=\"wp-block-image is-resized\"><img loading=\"lazy\" decoding=\"async\" width=\"1024\" height=\"1024\" src=\"http:\/\/consultprevsante.com\/wp-content\/uploads\/2021\/10\/osteo-7-1024x1024.jpeg\" alt=\"\" class=\"wp-image-2320\" style=\"width:174px;height:auto\"\/><\/figure>\n\n\n\n<p style=\"font-size:22px\">&nbsp;<strong>Le Dry Needling <\/strong>ou acupuncture s\u00e8che kin\u00e9sith\u00e9rapique:<\/p>\n\n\n\n<p class=\"has-black-color has-text-color has-link-color has-medium-font-size wp-elements-ccfa476b30dccca3b1b7ac31f0cb6fcb\" style=\"font-style:normal;font-weight:700\"><br>&nbsp;Cette technique consiste \u00e0 planter des aiguilles extr\u00eamement fines directement dans les points de contractures d&#8217;un muscle, qu\u2019on appelle points trigger. Cela permet de rel\u00e2cher les tensions et de r\u00e9tablir une bonne irrigation des tissus concern\u00e9s.<\/p>\n\n\n\n<p class=\"has-black-color has-text-color has-link-color has-medium-font-size wp-elements-88fb40db2537dcc721052243d28fdf0d\" style=\"font-style:normal;font-weight:700\">L\u2019ost\u00e9opathie est soutenue par l\u2019Organisation Mondiale de la Sant\u00e9 au titre de m\u00e9decine pr\u00e9ventive et conservatrice de la sant\u00e9.<\/p>\n\n\n\n<figure class=\"wp-block-image is-resized\"><img loading=\"lazy\" decoding=\"async\" width=\"1024\" height=\"647\" src=\"http:\/\/consultprevsante.com\/wp-content\/uploads\/2021\/10\/osteo-3-1-1024x647.jpeg\" alt=\"\" class=\"wp-image-2387\" style=\"width:285px;height:180px\" srcset=\"https:\/\/consultprevsante.com\/wp-content\/uploads\/2021\/10\/osteo-3-1-1024x647.jpeg 1024w, https:\/\/consultprevsante.com\/wp-content\/uploads\/2021\/10\/osteo-3-1-300x189.jpeg 300w, https:\/\/consultprevsante.com\/wp-content\/uploads\/2021\/10\/osteo-3-1-768x485.jpeg 768w\" sizes=\"auto, (max-width: 1024px) 100vw, 1024px\" \/><\/figure>\n\n\n<h3>COACHING EMOTIONNEL<\/h3>\n<h3><strong>Le coaching \u00e9motionnel permet gr\u00e2ce \u00e0 des tests de d\u00e9terminer la meilleure approche \u00e9motionnelle et ou \u00e9nerg\u00e9tique qui correspond \u00e0 ce que vous traversez.<\/strong><\/h3>\n<h3>COACHING ALIMENTAIRE<\/h3>\n<h3>Tr\u00e8s souvent les patients m&#8217;ont demand\u00e9: &#8220;qu&#8217;est ce qu&#8217;il faut que je mange ou que j&#8217;\u00e9limine dans mon alimentation pour aller mieux?&#8221; en effet l&#8217;alimentation est un carburant qui a des effets positifs ou n\u00e9gatifs sur notre physique et notre moral: on ne peut pas manger la m\u00eame chose selon l&#8217;\u00e2ge, le sexe, les faiblesses et l&#8217;activit\u00e9. Mais dans notre monde moderne beaucoup de gens sont perdus et le coaching est l\u00e0 pour les aider dans un changement d&#8217;habitudes pour optimiser la sant\u00e9.<\/h3>\n\n\n\n\n<div class=\"wp-block-button is-style-outline aligncenter is-style-outline--1\"><a class=\"wp-block-button__link has-vivid-red-color has-text-color wp-element-button\" href=\"https:\/\/www.doctolib.fr\/osteopathe\/vernaison\/solange-cabaup\">Prendre Rendez-vous<\/a><\/div>\n\n\n<div class=\"wp-block-image\">\n<figure class=\"alignleft is-resized\"><img loading=\"lazy\" decoding=\"async\" width=\"987\" height=\"1024\" src=\"http:\/\/consultprevsante.com\/wp-content\/uploads\/2019\/02\/photo1acceuil-2-987x1024.jpg\" alt=\"\" class=\"wp-image-1315\" style=\"width:327px;height:338px\"\/><\/figure><\/div>\n\n\n<p><\/p>\n\n\n\n<figure class=\"wp-block-image alignwide\"><img loading=\"lazy\" decoding=\"async\" width=\"1024\" height=\"10\" src=\"http:\/\/consultprevsante.com\/wp-content\/uploads\/2019\/03\/trait-2-1024x10.jpg\" alt=\"\" class=\"wp-image-1543\" srcset=\"https:\/\/consultprevsante.com\/wp-content\/uploads\/2019\/03\/trait-2-1024x10.jpg 1024w, https:\/\/consultprevsante.com\/wp-content\/uploads\/2019\/03\/trait-2-300x3.jpg 300w, https:\/\/consultprevsante.com\/wp-content\/uploads\/2019\/03\/trait-2-768x8.jpg 768w, https:\/\/consultprevsante.com\/wp-content\/uploads\/2019\/03\/trait-2.jpg 1579w\" sizes=\"auto, (max-width: 1024px) 100vw, 1024px\" \/><\/figure>\n","protected":false},"excerpt":{"rendered":"<p>LE BILAN: Le bilan permet par une \u00e9coute attentive de votre parcours de d\u00e9finir un plan d\u2019action selon les 3 axes du coaching, qui sont le coaching physique, le coaching \u00e9motionnel et le coaching alimentaire. Vous venez de d\u00e9couvrir une maladie de civilisation, comme un cancer: la m\u00e9decine vous propose des traitements allopathiques, et le [&hellip;]<\/p>\n","protected":false},"author":1,"featured_media":0,"parent":0,"menu_order":0,"comment_status":"closed","ping_status":"closed","template":"","meta":{"footnotes":""},"class_list":["post-1348","page","type-page","status-publish","hentry","entry"],"yoast_head":"<!-- This site is optimized with the Yoast SEO plugin v24.3 - https:\/\/yoast.com\/wordpress\/plugins\/seo\/ -->\n<title>COACHING\u00a0EN SANTE GLOBALE - CONSULT PREV SANTE<\/title>\n<meta name=\"robots\" content=\"index, follow, max-snippet:-1, max-image-preview:large, max-video-preview:-1\" \/>\n<link rel=\"canonical\" href=\"https:\/\/consultprevsante.com\/index.php\/osteopathie\/\" \/>\n<meta property=\"og:locale\" content=\"fr_FR\" \/>\n<meta property=\"og:type\" content=\"article\" \/>\n<meta property=\"og:title\" content=\"COACHING\u00a0EN SANTE GLOBALE - CONSULT PREV SANTE\" \/>\n<meta property=\"og:description\" content=\"LE BILAN: Le bilan permet par une \u00e9coute attentive de votre parcours de d\u00e9finir un plan d\u2019action selon les 3 axes du coaching, qui sont le coaching physique, le coaching \u00e9motionnel et le coaching alimentaire. Vous venez de d\u00e9couvrir une maladie de civilisation, comme un cancer: la m\u00e9decine vous propose des traitements allopathiques, et le [&hellip;]\" \/>\n<meta property=\"og:url\" content=\"https:\/\/consultprevsante.com\/index.php\/osteopathie\/\" \/>\n<meta property=\"og:site_name\" content=\"CONSULT PREV SANTE\" \/>\n<meta property=\"article:modified_time\" content=\"2025-03-16T21:20:02+00:00\" \/>\n<meta property=\"og:image\" content=\"http:\/\/consultprevsante.com\/wp-content\/uploads\/2021\/10\/osteo-7-1024x1024.jpeg\" \/>\n<meta name=\"twitter:card\" content=\"summary_large_image\" \/>\n<meta name=\"twitter:label1\" content=\"Dur\u00e9e de lecture estim\u00e9e\" \/>\n\t<meta name=\"twitter:data1\" content=\"3 minutes\" \/>\n<script type=\"application\/ld+json\" class=\"yoast-schema-graph\">{\"@context\":\"https:\/\/schema.org\",\"@graph\":[{\"@type\":\"WebPage\",\"@id\":\"https:\/\/consultprevsante.com\/index.php\/osteopathie\/\",\"url\":\"https:\/\/consultprevsante.com\/index.php\/osteopathie\/\",\"name\":\"COACHING\u00a0EN SANTE GLOBALE - CONSULT PREV SANTE\",\"isPartOf\":{\"@id\":\"https:\/\/consultprevsante.com\/#website\"},\"primaryImageOfPage\":{\"@id\":\"https:\/\/consultprevsante.com\/index.php\/osteopathie\/#primaryimage\"},\"image\":{\"@id\":\"https:\/\/consultprevsante.com\/index.php\/osteopathie\/#primaryimage\"},\"thumbnailUrl\":\"http:\/\/consultprevsante.com\/wp-content\/uploads\/2021\/10\/osteo-7-1024x1024.jpeg\",\"datePublished\":\"2019-02-26T16:08:46+00:00\",\"dateModified\":\"2025-03-16T21:20:02+00:00\",\"breadcrumb\":{\"@id\":\"https:\/\/consultprevsante.com\/index.php\/osteopathie\/#breadcrumb\"},\"inLanguage\":\"fr-FR\",\"potentialAction\":[{\"@type\":\"ReadAction\",\"target\":[\"https:\/\/consultprevsante.com\/index.php\/osteopathie\/\"]}]},{\"@type\":\"ImageObject\",\"inLanguage\":\"fr-FR\",\"@id\":\"https:\/\/consultprevsante.com\/index.php\/osteopathie\/#primaryimage\",\"url\":\"https:\/\/consultprevsante.com\/wp-content\/uploads\/2021\/10\/osteo-7-e1635612807208.jpeg\",\"contentUrl\":\"https:\/\/consultprevsante.com\/wp-content\/uploads\/2021\/10\/osteo-7-e1635612807208.jpeg\",\"width\":262,\"height\":262},{\"@type\":\"BreadcrumbList\",\"@id\":\"https:\/\/consultprevsante.com\/index.php\/osteopathie\/#breadcrumb\",\"itemListElement\":[{\"@type\":\"ListItem\",\"position\":1,\"name\":\"Accueil\",\"item\":\"https:\/\/consultprevsante.com\/\"},{\"@type\":\"ListItem\",\"position\":2,\"name\":\"COACHING\u00a0EN SANTE GLOBALE\"}]},{\"@type\":\"WebSite\",\"@id\":\"https:\/\/consultprevsante.com\/#website\",\"url\":\"https:\/\/consultprevsante.com\/\",\"name\":\"CONSULT PREV SANTE\",\"description\":\"CONSULT PREV SANTE\",\"publisher\":{\"@id\":\"https:\/\/consultprevsante.com\/#organization\"},\"potentialAction\":[{\"@type\":\"SearchAction\",\"target\":{\"@type\":\"EntryPoint\",\"urlTemplate\":\"https:\/\/consultprevsante.com\/?s={search_term_string}\"},\"query-input\":{\"@type\":\"PropertyValueSpecification\",\"valueRequired\":true,\"valueName\":\"search_term_string\"}}],\"inLanguage\":\"fr-FR\"},{\"@type\":\"Organization\",\"@id\":\"https:\/\/consultprevsante.com\/#organization\",\"name\":\"CONSULT PREV SANTE\",\"url\":\"https:\/\/consultprevsante.com\/\",\"logo\":{\"@type\":\"ImageObject\",\"inLanguage\":\"fr-FR\",\"@id\":\"https:\/\/consultprevsante.com\/#\/schema\/logo\/image\/\",\"url\":\"https:\/\/consultprevsante.com\/wp-content\/uploads\/2019\/03\/cropped-logo-consult-4-1.jpg\",\"contentUrl\":\"https:\/\/consultprevsante.com\/wp-content\/uploads\/2019\/03\/cropped-logo-consult-4-1.jpg\",\"width\":300,\"height\":267,\"caption\":\"CONSULT PREV SANTE\"},\"image\":{\"@id\":\"https:\/\/consultprevsante.com\/#\/schema\/logo\/image\/\"}}]}<\/script>\n<!-- \/ Yoast SEO plugin. -->","yoast_head_json":{"title":"COACHING\u00a0EN SANTE GLOBALE - CONSULT PREV SANTE","robots":{"index":"index","follow":"follow","max-snippet":"max-snippet:-1","max-image-preview":"max-image-preview:large","max-video-preview":"max-video-preview:-1"},"canonical":"https:\/\/consultprevsante.com\/index.php\/osteopathie\/","og_locale":"fr_FR","og_type":"article","og_title":"COACHING\u00a0EN SANTE GLOBALE - CONSULT PREV SANTE","og_description":"LE BILAN: Le bilan permet par une \u00e9coute attentive de votre parcours de d\u00e9finir un plan d\u2019action selon les 3 axes du coaching, qui sont le coaching physique, le coaching \u00e9motionnel et le coaching alimentaire. Vous venez de d\u00e9couvrir une maladie de civilisation, comme un cancer: la m\u00e9decine vous propose des traitements allopathiques, et le [&hellip;]","og_url":"https:\/\/consultprevsante.com\/index.php\/osteopathie\/","og_site_name":"CONSULT PREV SANTE","article_modified_time":"2025-03-16T21:20:02+00:00","og_image":[{"url":"http:\/\/consultprevsante.com\/wp-content\/uploads\/2021\/10\/osteo-7-1024x1024.jpeg","type":"","width":"","height":""}],"twitter_card":"summary_large_image","twitter_misc":{"Dur\u00e9e de lecture estim\u00e9e":"3 minutes"},"schema":{"@context":"https:\/\/schema.org","@graph":[{"@type":"WebPage","@id":"https:\/\/consultprevsante.com\/index.php\/osteopathie\/","url":"https:\/\/consultprevsante.com\/index.php\/osteopathie\/","name":"COACHING\u00a0EN SANTE GLOBALE - CONSULT PREV SANTE","isPartOf":{"@id":"https:\/\/consultprevsante.com\/#website"},"primaryImageOfPage":{"@id":"https:\/\/consultprevsante.com\/index.php\/osteopathie\/#primaryimage"},"image":{"@id":"https:\/\/consultprevsante.com\/index.php\/osteopathie\/#primaryimage"},"thumbnailUrl":"http:\/\/consultprevsante.com\/wp-content\/uploads\/2021\/10\/osteo-7-1024x1024.jpeg","datePublished":"2019-02-26T16:08:46+00:00","dateModified":"2025-03-16T21:20:02+00:00","breadcrumb":{"@id":"https:\/\/consultprevsante.com\/index.php\/osteopathie\/#breadcrumb"},"inLanguage":"fr-FR","potentialAction":[{"@type":"ReadAction","target":["https:\/\/consultprevsante.com\/index.php\/osteopathie\/"]}]},{"@type":"ImageObject","inLanguage":"fr-FR","@id":"https:\/\/consultprevsante.com\/index.php\/osteopathie\/#primaryimage","url":"https:\/\/consultprevsante.com\/wp-content\/uploads\/2021\/10\/osteo-7-e1635612807208.jpeg","contentUrl":"https:\/\/consultprevsante.com\/wp-content\/uploads\/2021\/10\/osteo-7-e1635612807208.jpeg","width":262,"height":262},{"@type":"BreadcrumbList","@id":"https:\/\/consultprevsante.com\/index.php\/osteopathie\/#breadcrumb","itemListElement":[{"@type":"ListItem","position":1,"name":"Accueil","item":"https:\/\/consultprevsante.com\/"},{"@type":"ListItem","position":2,"name":"COACHING\u00a0EN SANTE GLOBALE"}]},{"@type":"WebSite","@id":"https:\/\/consultprevsante.com\/#website","url":"https:\/\/consultprevsante.com\/","name":"CONSULT PREV SANTE","description":"CONSULT PREV SANTE","publisher":{"@id":"https:\/\/consultprevsante.com\/#organization"},"potentialAction":[{"@type":"SearchAction","target":{"@type":"EntryPoint","urlTemplate":"https:\/\/consultprevsante.com\/?s={search_term_string}"},"query-input":{"@type":"PropertyValueSpecification","valueRequired":true,"valueName":"search_term_string"}}],"inLanguage":"fr-FR"},{"@type":"Organization","@id":"https:\/\/consultprevsante.com\/#organization","name":"CONSULT PREV SANTE","url":"https:\/\/consultprevsante.com\/","logo":{"@type":"ImageObject","inLanguage":"fr-FR","@id":"https:\/\/consultprevsante.com\/#\/schema\/logo\/image\/","url":"https:\/\/consultprevsante.com\/wp-content\/uploads\/2019\/03\/cropped-logo-consult-4-1.jpg","contentUrl":"https:\/\/consultprevsante.com\/wp-content\/uploads\/2019\/03\/cropped-logo-consult-4-1.jpg","width":300,"height":267,"caption":"CONSULT PREV SANTE"},"image":{"@id":"https:\/\/consultprevsante.com\/#\/schema\/logo\/image\/"}}]}},"_links":{"self":[{"href":"https:\/\/consultprevsante.com\/index.php\/wp-json\/wp\/v2\/pages\/1348","targetHints":{"allow":["GET"]}}],"collection":[{"href":"https:\/\/consultprevsante.com\/index.php\/wp-json\/wp\/v2\/pages"}],"about":[{"href":"https:\/\/consultprevsante.com\/index.php\/wp-json\/wp\/v2\/types\/page"}],"author":[{"embeddable":true,"href":"https:\/\/consultprevsante.com\/index.php\/wp-json\/wp\/v2\/users\/1"}],"replies":[{"embeddable":true,"href":"https:\/\/consultprevsante.com\/index.php\/wp-json\/wp\/v2\/comments?post=1348"}],"version-history":[{"count":81,"href":"https:\/\/consultprevsante.com\/index.php\/wp-json\/wp\/v2\/pages\/1348\/revisions"}],"predecessor-version":[{"id":3094,"href":"https:\/\/consultprevsante.com\/index.php\/wp-json\/wp\/v2\/pages\/1348\/revisions\/3094"}],"wp:attachment":[{"href":"https:\/\/consultprevsante.com\/index.php\/wp-json\/wp\/v2\/media?parent=1348"}],"curies":[{"name":"wp","href":"https:\/\/api.w.org\/{rel}","templated":true}]}}