{"id":3063,"date":"2025-03-14T21:55:27","date_gmt":"2025-03-14T20:55:27","guid":{"rendered":"https:\/\/consultprevsante.com\/?page_id=3063"},"modified":"2025-03-16T19:21:53","modified_gmt":"2025-03-16T18:21:53","slug":"mentions-legales","status":"publish","type":"page","link":"https:\/\/consultprevsante.com\/index.php\/mentions-legales\/","title":{"rendered":"Mentions l\u00e9gales"},"content":{"rendered":"\n<p><strong>Article 1.\u00a0\u00a0\u00a0\u00a0\u00a0\u00a0\u00a0\u00a0\u00a0\u00a0\u00a0\u00a0\u00a0\u00a0\u00a0\u00a0\u00a0\u00a0 Pr\u00e9sentation du site<\/strong><\/p>\n<p>En vertu de l\u2019article 6 de la loi n\u00b0 2004-575 du 21 juin 2004 pour la confiance dans l\u2019\u00e9conomie num\u00e9rique, il est pr\u00e9cis\u00e9 aux utilisateurs du site www.sophrologue-consltprevsante.com (ci-apr\u00e8s le \u00ab Site \u00bb) l\u2019identit\u00e9 des diff\u00e9rents intervenants dans le cadre de sa r\u00e9alisation et de son suivi :<\/p>\n<p><strong>Propri\u00e9taire :<\/strong> Solange CABAUP\u2013 Entrepreneure Individuelle, 4 rue du coteau, 69390 Vernaison \u2013 SIRET : 35273664900091 \u2013 Code APE : 8690F<br \/><strong>Webmaster &amp; Responsable publication :<\/strong>\u00a0Solange CABAUP<br \/><strong>Cr\u00e9dits et photos :<\/strong>\u00a0Solange CABAUP, IdStock<br \/><strong>H\u00e9bergeur :<\/strong>\u00a0OVH \u2013 2 rue Kellermann \u2013 59100 Roubaix \u2013 Num\u00e9ro de t\u00e9l\u00e9phone\u00a0: 09 72 10 10 07<\/p>\n<p><strong>Article 2.\u00a0\u00a0\u00a0\u00a0\u00a0\u00a0\u00a0\u00a0\u00a0\u00a0\u00a0\u00a0\u00a0\u00a0\u00a0\u00a0\u00a0\u00a0 Conditions g\u00e9n\u00e9rales d\u2019utilisation du site et des services propos\u00e9s<\/strong><\/p>\n<p>L\u2019utilisation du Site implique l\u2019acceptation pleine et enti\u00e8re des conditions d\u2019utilisation d\u00e9crites ci-apr\u00e8s. Ces conditions d\u2019utilisation sont susceptibles d\u2019\u00eatre modifi\u00e9es ou compl\u00e9t\u00e9es \u00e0 tout moment. Ce Site est normalement accessible \u00e0 tout moment aux utilisateurs. Une interruption pour raison de maintenance technique peut \u00eatre toutefois d\u00e9cid\u00e9e par Solange CABAUP, qui s\u2019efforcera alors de communiquer pr\u00e9alablement aux utilisateurs les dates et heures de l\u2019intervention.<\/p>\n<p>Le Site est mis \u00e0 jour r\u00e9guli\u00e8rement par Solange CABAUP. De la m\u00eame fa\u00e7on, les mentions l\u00e9gales peuvent \u00eatre modifi\u00e9es \u00e0 tout moment : elles s\u2019imposent n\u00e9anmoins \u00e0 l\u2019utilisateur qui est invit\u00e9 \u00e0 s\u2019y r\u00e9f\u00e9rer le plus souvent possible afin d\u2019en prendre connaissance.<\/p>\n<p><strong>Article 3.\u00a0\u00a0\u00a0\u00a0\u00a0\u00a0\u00a0\u00a0\u00a0\u00a0\u00a0\u00a0\u00a0\u00a0\u00a0\u00a0\u00a0\u00a0 Description des services fournis<\/strong><\/p>\n<p>Le site www.consultprevsante.com a pour objet de fournir une information concernant l\u2019ensemble des activit\u00e9s de la soci\u00e9t\u00e9. Solange CABAUP s\u2019efforce de fournir sur le Site des informations aussi pr\u00e9cises que possible. Toutefois, elle ne pourra \u00eatre tenue responsable des omissions, des inexactitudes et des carences dans la mise \u00e0 jour, qu\u2019elles soient de son fait ou du fait des tiers partenaires qui lui fournissent ces informations.<\/p>\n<p>Toutes les informations indiqu\u00e9es sur le site www.sophrologue-unissons.com sont donn\u00e9es \u00e0 titre indicatif, et sont susceptibles d\u2019\u00e9voluer. Par ailleurs, les renseignements figurant sur le Site ne sont pas exhaustifs. Ils sont donn\u00e9s sous r\u00e9serve de modifications ayant \u00e9t\u00e9 apport\u00e9es depuis leur mise en ligne.<\/p>\n<p><strong>Article 4.\u00a0\u00a0\u00a0\u00a0\u00a0\u00a0\u00a0\u00a0\u00a0\u00a0\u00a0\u00a0\u00a0\u00a0\u00a0\u00a0\u00a0\u00a0 Limitations contractuelles sur les donn\u00e9es techniques<\/strong><\/p>\n<p>Le Site utilise la technologie JavaScript. De plus, l\u2019utilisateur du Site s\u2019engage \u00e0 acc\u00e9der au site en utilisant un mat\u00e9riel r\u00e9cent, ne contenant pas de virus et avec un navigateur de derni\u00e8re g\u00e9n\u00e9ration mis-\u00e0-jour.<\/p>\n<p><strong>Article 5.\u00a0\u00a0\u00a0\u00a0\u00a0\u00a0\u00a0\u00a0\u00a0\u00a0\u00a0\u00a0\u00a0\u00a0\u00a0\u00a0\u00a0\u00a0 Propri\u00e9t\u00e9 intellectuelle et contrefa\u00e7on<\/strong><\/p>\n<p>Solange CABAUP est propri\u00e9taire des droits de propri\u00e9t\u00e9 intellectuelle ou d\u00e9tient les droits d\u2019usage sur tous les \u00e9l\u00e9ments accessibles sur le site, notamment les textes, images, graphismes, logo, ic\u00f4nes, sons, logiciels.<\/p>\n<p>Toute reproduction, repr\u00e9sentation, modification, publication, adaptation de tout ou partie des \u00e9l\u00e9ments du site, quel que soit le moyen ou le proc\u00e9d\u00e9 utilis\u00e9, est interdite, sauf autorisation \u00e9crite pr\u00e9alable de Solange CABAUP.<\/p>\n<p>Toute exploitation non autoris\u00e9e du Site ou de quelconque des \u00e9l\u00e9ments qu\u2019il contient sera consid\u00e9r\u00e9e comme constitutive d\u2019une contrefa\u00e7on et poursuivie conform\u00e9ment aux dispositions du Code de Propri\u00e9t\u00e9 Intellectuelle.<\/p>\n<p><strong>Article 6.\u00a0\u00a0\u00a0\u00a0\u00a0\u00a0\u00a0\u00a0\u00a0\u00a0\u00a0\u00a0\u00a0\u00a0\u00a0\u00a0\u00a0\u00a0 Limitations de responsabilit\u00e9<\/strong><\/p>\n<p>Solange CABAUP ne pourra \u00eatre tenue responsable des dommages directs et indirects caus\u00e9s au mat\u00e9riel de l\u2019utilisateur, lors de l\u2019acc\u00e8s au Site, et r\u00e9sultant soit de l\u2019utilisation d\u2019un mat\u00e9riel ne r\u00e9pondant pas aux sp\u00e9cifications indiqu\u00e9es au point 4, soit de l\u2019apparition d\u2019un bug ou d\u2019une incompatibilit\u00e9<\/p>\n<p>Solange CABAUP ne pourra \u00e9galement \u00eatre tenue responsable des dommages indirects (tels par exemple qu\u2019une perte de march\u00e9 ou perte d\u2019une chance) cons\u00e9cutifs \u00e0 l\u2019utilisation du Site.<\/p>\n<p>\u00a0<\/p>\n<p><strong>Article 7.\u00a0\u00a0\u00a0\u00a0\u00a0\u00a0\u00a0\u00a0\u00a0\u00a0\u00a0\u00a0\u00a0\u00a0\u00a0\u00a0\u00a0\u00a0 Gestion des donn\u00e9es personnelles<\/strong><\/p>\n<p>A l\u2019occasion de l\u2019utilisation du Site, peuvent \u00eatre recueillies : l\u2019URL des liens par l\u2019interm\u00e9diaire desquels l\u2019utilisateur a acc\u00e9d\u00e9 au Site, le fournisseur d\u2019acc\u00e8s de l\u2019utilisateur, l\u2019adresse de protocole Internet (IP) de l\u2019utilisateur, ainsi que les donn\u00e9es \u00e0 caract\u00e8re personnel collect\u00e9es via les formulaires de contact et de r\u00e9servation en ligne<\/p>\n<p>En tout \u00e9tat de cause, Solange CABAUP ne collecte des informations personnelles relatives \u00e0 l\u2019utilisateur que pour le besoin de certains services propos\u00e9s par le Site. L\u2019utilisateur fournit ces informations en toute connaissance de cause, notamment lorsqu\u2019il proc\u00e8de par lui-m\u00eame \u00e0 leur saisie. Il est alors pr\u00e9cis\u00e9 \u00e0 l\u2019utilisateur du Site l\u2019obligation ou non de fournir ces informations.<\/p>\n<p>Conform\u00e9ment \u00e0 la l\u00e9gislation en vigueur, et notamment \u00e0 la loi n\u00b0 78-17 du 6 janvier 1978 dite \u00ab Informatique et Libert\u00e9s \u00bb modifi\u00e9e et au RGPD, tout utilisateur dispose d\u2019un droit d\u2019acc\u00e8s, de rectification et d\u2019effacement de ses donn\u00e9es personnelles, ainsi que d\u2019un droit \u00e0 la limitation du traitement, \u00e0 la portabilit\u00e9 de ses donn\u00e9es et du droit de r\u00e9diger des directives post-mortem g\u00e9n\u00e9rales ou particuli\u00e8res relatives \u00e0 la conservation, \u00e0 l\u2019effacement et \u00e0 la communication sur ses donn\u00e9es personnelles. Il dispose \u00e9galement du droit d\u2019opposition pour motif l\u00e9gitime au traitement de ses donn\u00e9es par le Prestataire, ainsi que du droit d\u2019introduire une r\u00e9clamation aupr\u00e8s de la CNIL. L\u2019utilisateur peut exercer ses droits l\u00e9gaux \u00e0 tout moment en adressant sa demande par email ou par courrier aux coordonn\u00e9es ci-dessous :<\/p>\n<p>Solange CABAUP<br \/>P\u00f4le Sant\u00e9, 4 rue du Coteau,<br \/>69390 Vernaison<br \/>Email :\u00a0 contact@consultprevsante.com<\/p>\n<p>Aucune information personnelle de l\u2019utilisateur du Site n\u2019est publi\u00e9e \u00e0 l\u2019insu de l\u2019utilisateur, \u00e9chang\u00e9e, transf\u00e9r\u00e9e, c\u00e9d\u00e9e ou vendue sur un support quelconque \u00e0 des tiers. Seule l\u2019hypoth\u00e8se du rachat de Solange CABAUP et de ses droits permettrait la transmission des dites informations \u00e0 l\u2019\u00e9ventuel acqu\u00e9reur qui serait \u00e0 son tour tenu de la m\u00eame obligation de conservation et de modification des donn\u00e9es vis \u00e0 vis de l\u2019utilisateur du Site.<\/p>\n<p><strong>Article 8.\u00a0\u00a0\u00a0\u00a0\u00a0\u00a0\u00a0\u00a0\u00a0\u00a0\u00a0\u00a0\u00a0\u00a0\u00a0\u00a0\u00a0\u00a0 Liens hypertextes et cookies<\/strong><\/p>\n<p>Le Site contient un certain nombre de liens hypertextes vers d\u2019autres sites, mis en place avec l\u2019autorisation de Solange CABAUP. Cependant, Solange CABAUP n\u2019a pas la possibilit\u00e9 de v\u00e9rifier le contenu des sites ainsi visit\u00e9s, et n\u2019assumera en cons\u00e9quence aucune responsabilit\u00e9 de ce fait.<\/p>\n<p>La navigation sur le Site est susceptible de provoquer l\u2019installation de cookie(s) sur l\u2019ordinateur de l\u2019utilisateur. Un cookie est un fichier de petite taille, qui ne permet pas l\u2019identification de l\u2019utilisateur, mais qui enregistre des informations relatives \u00e0 la navigation d\u2019un ordinateur sur un site. Les donn\u00e9es ainsi obtenues visent \u00e0 faciliter la navigation ult\u00e9rieure sur le site, et ont \u00e9galement vocation \u00e0 permettre diverses mesures de fr\u00e9quentation.<\/p>\n<p>Le refus d\u2019installation d\u2019un cookie peut entra\u00eener l\u2019impossibilit\u00e9 d\u2019acc\u00e9der \u00e0 certains services. L\u2019utilisateur peut toutefois configurer son ordinateur de la mani\u00e8re suivante, pour refuser l\u2019installation des cookies :<br \/>Sous Internet Explorer : onglet outil (pictogramme en forme de rouage en haut a droite) \/ options internet. Cliquez sur Confidentialit\u00e9 et choisissez Bloquer tous les cookies. Validez sur Ok.<br \/>Sous Firefox : en haut de la fen\u00eatre du navigateur, cliquez sur le bouton Firefox, puis aller dans l\u2019onglet Options. Cliquer sur l\u2019onglet Vie priv\u00e9e. Param\u00e9trez les R\u00e8gles de conservation sure : utiliser les param\u00e8tres personnalis\u00e9s pour l\u2019historique. Enfin d\u00e9cochez-la pour d\u00e9sactiver les cookies.<br \/>Sous Safari : Cliquez-en haut \u00e0 droite du navigateur sur le pictogramme de menu (symbolis\u00e9 par un rouage). S\u00e9lectionnez Param\u00e8tres. Cliquez sur Afficher les param\u00e8tres avanc\u00e9s. Dans la section \u201cConfidentialit\u00e9\u201d, cliquez sur Param\u00e8tres de contenu. Dans la section \u201cCookies\u201d, vous pouvez bloquer les cookies. Sous Chrome : Cliquez en haut \u00e0 droite du navigateur sur le pictogramme de menu (symbolis\u00e9 par trois lignes horizontales). S\u00e9lectionnez Param\u00e8tres. Cliquez sur Afficher les param\u00e8tres avanc\u00e9s. Dans la section \u201cConfidentialit\u00e9\u201d, cliquez sur pr\u00e9f\u00e9rences. Dans l\u2019onglet \u201cConfidentialit\u00e9\u201d, vous pouvez bloquer les cookies.<\/p>\n<p><strong>Article 9.\u00a0\u00a0\u00a0\u00a0\u00a0\u00a0\u00a0\u00a0\u00a0\u00a0\u00a0\u00a0\u00a0\u00a0\u00a0\u00a0\u00a0\u00a0 Droit applicable et attribution de juridiction<\/strong><\/p>\n<p>Tout litige en relation avec l\u2019utilisation du site www.consultprevsante.com est soumis au droit fran\u00e7ais. En cas de litige, il est fait attribution exclusive de juridiction aux tribunaux comp\u00e9tents fran\u00e7ais.<\/p>\n<p><strong>Article 10.\u00a0\u00a0\u00a0\u00a0\u00a0\u00a0\u00a0\u00a0\u00a0\u00a0\u00a0\u00a0\u00a0\u00a0\u00a0 Lexique<\/strong><\/p>\n<p><strong>Utilisateur :<\/strong>\u00a0Internaute se connectant, utilisant le site susnomm\u00e9.<br \/><strong>Informations personnelles :<\/strong>\u00a0les informations qui permettent, sous quelque forme que ce soit, directement ou non, l\u2019identification des personnes physiques auxquelles elles s\u2019appliquent (article 4 de la loi n\u00b0 78-17 du 6 janvier 1978).<\/p>\n","protected":false},"excerpt":{"rendered":"","protected":false},"author":1,"featured_media":0,"parent":0,"menu_order":0,"comment_status":"closed","ping_status":"closed","template":"","meta":{"footnotes":""},"class_list":["post-3063","page","type-page","status-publish","hentry","entry"],"yoast_head":"<!-- This site is optimized with the Yoast SEO plugin v24.3 - https:\/\/yoast.com\/wordpress\/plugins\/seo\/ -->\n<title>Mentions l\u00e9gales - CONSULT PREV SANTE<\/title>\n<meta name=\"robots\" content=\"index, follow, max-snippet:-1, max-image-preview:large, max-video-preview:-1\" \/>\n<link rel=\"canonical\" href=\"https:\/\/consultprevsante.com\/index.php\/mentions-legales\/\" \/>\n<meta property=\"og:locale\" content=\"fr_FR\" \/>\n<meta property=\"og:type\" content=\"article\" \/>\n<meta property=\"og:title\" content=\"Mentions l\u00e9gales - CONSULT PREV SANTE\" \/>\n<meta property=\"og:url\" content=\"https:\/\/consultprevsante.com\/index.php\/mentions-legales\/\" \/>\n<meta property=\"og:site_name\" content=\"CONSULT PREV SANTE\" \/>\n<meta property=\"article:modified_time\" content=\"2025-03-16T18:21:53+00:00\" \/>\n<meta name=\"twitter:card\" content=\"summary_large_image\" \/>\n<meta name=\"twitter:label1\" content=\"Dur\u00e9e de lecture estim\u00e9e\" \/>\n\t<meta name=\"twitter:data1\" content=\"7 minutes\" \/>\n<script type=\"application\/ld+json\" class=\"yoast-schema-graph\">{\"@context\":\"https:\/\/schema.org\",\"@graph\":[{\"@type\":\"WebPage\",\"@id\":\"https:\/\/consultprevsante.com\/index.php\/mentions-legales\/\",\"url\":\"https:\/\/consultprevsante.com\/index.php\/mentions-legales\/\",\"name\":\"Mentions l\u00e9gales - CONSULT PREV SANTE\",\"isPartOf\":{\"@id\":\"https:\/\/consultprevsante.com\/#website\"},\"datePublished\":\"2025-03-14T20:55:27+00:00\",\"dateModified\":\"2025-03-16T18:21:53+00:00\",\"breadcrumb\":{\"@id\":\"https:\/\/consultprevsante.com\/index.php\/mentions-legales\/#breadcrumb\"},\"inLanguage\":\"fr-FR\",\"potentialAction\":[{\"@type\":\"ReadAction\",\"target\":[\"https:\/\/consultprevsante.com\/index.php\/mentions-legales\/\"]}]},{\"@type\":\"BreadcrumbList\",\"@id\":\"https:\/\/consultprevsante.com\/index.php\/mentions-legales\/#breadcrumb\",\"itemListElement\":[{\"@type\":\"ListItem\",\"position\":1,\"name\":\"Accueil\",\"item\":\"https:\/\/consultprevsante.com\/\"},{\"@type\":\"ListItem\",\"position\":2,\"name\":\"Mentions l\u00e9gales\"}]},{\"@type\":\"WebSite\",\"@id\":\"https:\/\/consultprevsante.com\/#website\",\"url\":\"https:\/\/consultprevsante.com\/\",\"name\":\"CONSULT PREV SANTE\",\"description\":\"CONSULT PREV SANTE\",\"publisher\":{\"@id\":\"https:\/\/consultprevsante.com\/#organization\"},\"potentialAction\":[{\"@type\":\"SearchAction\",\"target\":{\"@type\":\"EntryPoint\",\"urlTemplate\":\"https:\/\/consultprevsante.com\/?s={search_term_string}\"},\"query-input\":{\"@type\":\"PropertyValueSpecification\",\"valueRequired\":true,\"valueName\":\"search_term_string\"}}],\"inLanguage\":\"fr-FR\"},{\"@type\":\"Organization\",\"@id\":\"https:\/\/consultprevsante.com\/#organization\",\"name\":\"CONSULT PREV SANTE\",\"url\":\"https:\/\/consultprevsante.com\/\",\"logo\":{\"@type\":\"ImageObject\",\"inLanguage\":\"fr-FR\",\"@id\":\"https:\/\/consultprevsante.com\/#\/schema\/logo\/image\/\",\"url\":\"https:\/\/consultprevsante.com\/wp-content\/uploads\/2019\/03\/cropped-logo-consult-4-1.jpg\",\"contentUrl\":\"https:\/\/consultprevsante.com\/wp-content\/uploads\/2019\/03\/cropped-logo-consult-4-1.jpg\",\"width\":300,\"height\":267,\"caption\":\"CONSULT PREV SANTE\"},\"image\":{\"@id\":\"https:\/\/consultprevsante.com\/#\/schema\/logo\/image\/\"}}]}<\/script>\n<!-- \/ Yoast SEO plugin. -->","yoast_head_json":{"title":"Mentions l\u00e9gales - CONSULT PREV SANTE","robots":{"index":"index","follow":"follow","max-snippet":"max-snippet:-1","max-image-preview":"max-image-preview:large","max-video-preview":"max-video-preview:-1"},"canonical":"https:\/\/consultprevsante.com\/index.php\/mentions-legales\/","og_locale":"fr_FR","og_type":"article","og_title":"Mentions l\u00e9gales - CONSULT PREV SANTE","og_url":"https:\/\/consultprevsante.com\/index.php\/mentions-legales\/","og_site_name":"CONSULT PREV SANTE","article_modified_time":"2025-03-16T18:21:53+00:00","twitter_card":"summary_large_image","twitter_misc":{"Dur\u00e9e de lecture estim\u00e9e":"7 minutes"},"schema":{"@context":"https:\/\/schema.org","@graph":[{"@type":"WebPage","@id":"https:\/\/consultprevsante.com\/index.php\/mentions-legales\/","url":"https:\/\/consultprevsante.com\/index.php\/mentions-legales\/","name":"Mentions l\u00e9gales - CONSULT PREV SANTE","isPartOf":{"@id":"https:\/\/consultprevsante.com\/#website"},"datePublished":"2025-03-14T20:55:27+00:00","dateModified":"2025-03-16T18:21:53+00:00","breadcrumb":{"@id":"https:\/\/consultprevsante.com\/index.php\/mentions-legales\/#breadcrumb"},"inLanguage":"fr-FR","potentialAction":[{"@type":"ReadAction","target":["https:\/\/consultprevsante.com\/index.php\/mentions-legales\/"]}]},{"@type":"BreadcrumbList","@id":"https:\/\/consultprevsante.com\/index.php\/mentions-legales\/#breadcrumb","itemListElement":[{"@type":"ListItem","position":1,"name":"Accueil","item":"https:\/\/consultprevsante.com\/"},{"@type":"ListItem","position":2,"name":"Mentions l\u00e9gales"}]},{"@type":"WebSite","@id":"https:\/\/consultprevsante.com\/#website","url":"https:\/\/consultprevsante.com\/","name":"CONSULT PREV SANTE","description":"CONSULT PREV SANTE","publisher":{"@id":"https:\/\/consultprevsante.com\/#organization"},"potentialAction":[{"@type":"SearchAction","target":{"@type":"EntryPoint","urlTemplate":"https:\/\/consultprevsante.com\/?s={search_term_string}"},"query-input":{"@type":"PropertyValueSpecification","valueRequired":true,"valueName":"search_term_string"}}],"inLanguage":"fr-FR"},{"@type":"Organization","@id":"https:\/\/consultprevsante.com\/#organization","name":"CONSULT PREV SANTE","url":"https:\/\/consultprevsante.com\/","logo":{"@type":"ImageObject","inLanguage":"fr-FR","@id":"https:\/\/consultprevsante.com\/#\/schema\/logo\/image\/","url":"https:\/\/consultprevsante.com\/wp-content\/uploads\/2019\/03\/cropped-logo-consult-4-1.jpg","contentUrl":"https:\/\/consultprevsante.com\/wp-content\/uploads\/2019\/03\/cropped-logo-consult-4-1.jpg","width":300,"height":267,"caption":"CONSULT PREV SANTE"},"image":{"@id":"https:\/\/consultprevsante.com\/#\/schema\/logo\/image\/"}}]}},"_links":{"self":[{"href":"https:\/\/consultprevsante.com\/index.php\/wp-json\/wp\/v2\/pages\/3063","targetHints":{"allow":["GET"]}}],"collection":[{"href":"https:\/\/consultprevsante.com\/index.php\/wp-json\/wp\/v2\/pages"}],"about":[{"href":"https:\/\/consultprevsante.com\/index.php\/wp-json\/wp\/v2\/types\/page"}],"author":[{"embeddable":true,"href":"https:\/\/consultprevsante.com\/index.php\/wp-json\/wp\/v2\/users\/1"}],"replies":[{"embeddable":true,"href":"https:\/\/consultprevsante.com\/index.php\/wp-json\/wp\/v2\/comments?post=3063"}],"version-history":[{"count":3,"href":"https:\/\/consultprevsante.com\/index.php\/wp-json\/wp\/v2\/pages\/3063\/revisions"}],"predecessor-version":[{"id":3081,"href":"https:\/\/consultprevsante.com\/index.php\/wp-json\/wp\/v2\/pages\/3063\/revisions\/3081"}],"wp:attachment":[{"href":"https:\/\/consultprevsante.com\/index.php\/wp-json\/wp\/v2\/media?parent=3063"}],"curies":[{"name":"wp","href":"https:\/\/api.w.org\/{rel}","templated":true}]}}