{"id":355,"date":"2016-09-24T14:40:14","date_gmt":"2016-09-24T14:40:14","guid":{"rendered":"http:\/\/fitness2.mythemecloud.io\/?page_id=355"},"modified":"2025-03-16T19:16:01","modified_gmt":"2025-03-16T18:16:01","slug":"home","status":"publish","type":"page","link":"https:\/\/consultprevsante.com\/","title":{"rendered":"Accueil"},"content":{"rendered":"\n<div class=\"wp-block-cover alignfull wp-duotone-unset-1\"><span aria-hidden=\"true\" class=\"wp-block-cover__background has-background-dim\"><\/span><img loading=\"lazy\" decoding=\"async\" width=\"3864\" height=\"2576\" class=\"wp-block-cover__image-background wp-image-1462\" alt=\"\" src=\"http:\/\/consultprevsante.com\/wp-content\/uploads\/2019\/03\/photo-5acceuil.jpg\" data-object-fit=\"cover\" srcset=\"https:\/\/consultprevsante.com\/wp-content\/uploads\/2019\/03\/photo-5acceuil.jpg 3864w, https:\/\/consultprevsante.com\/wp-content\/uploads\/2019\/03\/photo-5acceuil-300x200.jpg 300w, https:\/\/consultprevsante.com\/wp-content\/uploads\/2019\/03\/photo-5acceuil-768x512.jpg 768w, https:\/\/consultprevsante.com\/wp-content\/uploads\/2019\/03\/photo-5acceuil-1024x683.jpg 1024w\" sizes=\"auto, (max-width: 3864px) 100vw, 3864px\" \/><div class=\"wp-block-cover__inner-container is-layout-flow wp-block-cover-is-layout-flow\">\n<p class=\"has-text-align-center has-large-font-size\"><strong>Pour rester en bonne sant\u00e9\u2026En route vers le Coaching Sant\u00e9&nbsp;!<\/strong><\/p>\n\n\n\n<p>Avancer dans l\u2019\u00e2ge vous angoisse&nbsp;?<\/p>\n\n\n\n<p>On vient de me diagnostiquer un cancer, un parkinson, une&nbsp; maladie auto-immune mais je ne sais comment am\u00e9liorer mon alimentation, quels exercices faire comment vivre au mieux la maladie&nbsp;?<\/p>\n\n\n\n<p>Une m\u00e9thodologie sur-mesure est l\u00e0 pour vous permettre de faire le point. En aucun cas, ce coaching ne se substitue \u00e0 la m\u00e9decine traditionnelle mais il est l\u00e0 pour am\u00e9liorer votre bien-\u00eatre quotidien&nbsp;!<\/p>\n\n\n\n<p>Qu\u2019est-ce qui est bon pour moi afin de ne pas tomber malade&nbsp;? Qu\u2019est ce qui est bon pour moi en fonction de mon \u00e2ge, mon activit\u00e9 professionnelle, mon \u00e9tat \u00e9motionnel et mes ant\u00e9c\u00e9dents familiaux&nbsp;?<\/p>\n\n\n\n<p>Consult Prev\u2019Sant\u00e9, gr\u00e2ce \u00e0 un suivi cibl\u00e9 et personnalis\u00e9 vous accompagne dans votre d\u00e9marche pour pr\u00e9server votre sant\u00e9.<\/p>\n<\/div><\/div>\n\n\n\n<div class=\"wp-block-button aligncenter\"><a class=\"wp-block-button__link has-background wp-element-button\" href=\"http:\/\/consultprevsante.com\/index.php\/pour-rester-en-bonne-sante\/\" style=\"background-color:#e4345a\">En savoir plus<\/a><\/div>\n\n\n<div class=\"wp-block-image is-resized\">\n<figure class=\"aligncenter size-full\"><img loading=\"lazy\" decoding=\"async\" width=\"300\" height=\"300\" src=\"https:\/\/consultprevsante.com\/wp-content\/uploads\/2025\/01\/bilan-gene-1-300x300-1.jpg\" alt=\"\" class=\"wp-image-3011\" style=\"width:274px;height:auto\" srcset=\"https:\/\/consultprevsante.com\/wp-content\/uploads\/2025\/01\/bilan-gene-1-300x300-1.jpg 300w, https:\/\/consultprevsante.com\/wp-content\/uploads\/2025\/01\/bilan-gene-1-300x300-1-150x150.jpg 150w\" sizes=\"auto, (max-width: 300px) 100vw, 300px\" \/><figcaption class=\"wp-element-caption\"><strong>BILAN DE COACHING EN SANTE GLOBALE ET SUIVIS<\/strong><\/figcaption><\/figure><\/div>\n\n\n\n<div class=\"wp-block-image\">\n<figure class=\"aligncenter is-resized\"><img loading=\"lazy\" decoding=\"async\" width=\"649\" height=\"322\" src=\"http:\/\/consultprevsante.com\/wp-content\/uploads\/2021\/11\/4-PRESTATIONS-BLOC-2.png\" alt=\"\" class=\"wp-image-2845\" style=\"width:660px;height:300px\" srcset=\"https:\/\/consultprevsante.com\/wp-content\/uploads\/2021\/11\/4-PRESTATIONS-BLOC-2.png 649w, https:\/\/consultprevsante.com\/wp-content\/uploads\/2021\/11\/4-PRESTATIONS-BLOC-2-300x149.png 300w\" sizes=\"auto, (max-width: 649px) 100vw, 649px\" \/><\/figure><\/div>\n\n\n<div class=\"wp-block-button aligncenter\"><a class=\"wp-block-button__link has-background wp-element-button\" href=\"http:\/\/consultprevsante.com\/index.php\/programs\/\" style=\"background-color:#434359\">VOIR LES PRESTATIONS<\/a><\/div>\n\n\n\n<div class=\"wp-block-cover alignfull has-parallax is-light\"><span aria-hidden=\"true\" class=\"wp-block-cover__background has-background-dim-30 has-background-dim\"><\/span><div class=\"wp-block-cover__image-background wp-image-1156 has-parallax\" style=\"background-position:50% 50%;background-image:url(http:\/\/consultprevsante.com\/wp-content\/uploads\/2019\/02\/accueil2.jpg)\"><\/div><div class=\"wp-block-cover__inner-container is-layout-flow wp-block-cover-is-layout-flow\">\n<p class=\"has-text-align-center has-large-font-size\"><br>                                 <\/p>\n<\/div><\/div>\n\n\n\n<div class=\"wp-block-media-text alignwide\" style=\"grid-template-columns:25% auto\"><figure class=\"wp-block-media-text__media\"><img loading=\"lazy\" decoding=\"async\" width=\"1024\" height=\"765\" src=\"http:\/\/consultprevsante.com\/wp-content\/uploads\/2019\/08\/Solange-accueil1-1024x765.jpg\" alt=\"\" class=\"wp-image-1922 size-full\" srcset=\"https:\/\/consultprevsante.com\/wp-content\/uploads\/2019\/08\/Solange-accueil1-1024x765.jpg 1024w, https:\/\/consultprevsante.com\/wp-content\/uploads\/2019\/08\/Solange-accueil1-300x224.jpg 300w, https:\/\/consultprevsante.com\/wp-content\/uploads\/2019\/08\/Solange-accueil1-768x574.jpg 768w, https:\/\/consultprevsante.com\/wp-content\/uploads\/2019\/08\/Solange-accueil1.jpg 1216w\" sizes=\"auto, (max-width: 1024px) 100vw, 1024px\" \/><\/figure><div class=\"wp-block-media-text__content\">\n<h2 class=\"wp-block-heading\" id=\"mce_42\">Qui suis-je ?<\/h2>\n\n\n\n<p class=\"has-medium-font-size\"><strong><span style=\"color:#313131\" class=\"tadv-color\">Solange CABAUP<\/span><\/strong><\/p>\n\n\n\n<p class=\"has-medium-font-size\"><br><span style=\"color: #313131;\" class=\"tadv-color\"> Kin\u00e9sith\u00e9rapeute Pr\u00e9venteur en Sant\u00e9 au Travail <\/span>Ost\u00e9opathe &#8211; Expert judiciaire pr\u00e8s  la cour d&#8217;Appel de Lyon<\/p>\n\n\n\n<div class=\"wp-block-button\"><a class=\"wp-block-button__link has-background wp-element-button\" href=\"http:\/\/consultprevsante.com\/index.php\/studio\/\" style=\"background-color:#434359\">Apprendre plus&#8230;<\/a><\/div>\n<\/div><\/div>\n\n\n\n<p><span style=\"color:#eeeeee\" class=\"tadv-color\">1<\/span><\/p>\n\n\n\n<p><span style=\"color:#eeeeee\" class=\"tadv-color\">1<\/span><\/p>\n\n\n\n<div class=\"wp-block-media-text alignwide\" style=\"grid-template-columns:38% auto\"><figure class=\"wp-block-media-text__media\"><img loading=\"lazy\" decoding=\"async\" width=\"869\" height=\"402\" src=\"http:\/\/consultprevsante.com\/wp-content\/uploads\/2019\/02\/blog1-1.png\" alt=\"\" class=\"wp-image-1121 size-full\" srcset=\"https:\/\/consultprevsante.com\/wp-content\/uploads\/2019\/02\/blog1-1.png 869w, https:\/\/consultprevsante.com\/wp-content\/uploads\/2019\/02\/blog1-1-300x139.png 300w, https:\/\/consultprevsante.com\/wp-content\/uploads\/2019\/02\/blog1-1-768x355.png 768w\" sizes=\"auto, (max-width: 869px) 100vw, 869px\" \/><\/figure><div class=\"wp-block-media-text__content\">\n<p class=\"has-text-align-left has-medium-font-size\">Retrouvez nos articles du Blog<\/p>\n\n\n\n<div class=\"wp-block-button alignright\"><a class=\"wp-block-button__link has-very-light-gray-color has-text-color has-background wp-element-button\" href=\"http:\/\/consultprevsante.com\/index.php\/blog\/\" style=\"background-color:#434359\">Lire plus&#8230;<\/a><\/div>\n<\/div><\/div>\n\n\n\n<p><\/p>\n\n\n\n<div class=\"wp-block-cover alignwide has-parallax is-light\"><span aria-hidden=\"true\" class=\"wp-block-cover__background has-background-dim-30 has-background-dim\"><\/span><div class=\"wp-block-cover__image-background wp-image-1160 has-parallax\" style=\"background-position:50% 50%;background-image:url(http:\/\/consultprevsante.com\/wp-content\/uploads\/2019\/02\/accueil3.jpg)\"><\/div><div class=\"wp-block-cover__inner-container is-layout-flow wp-block-cover-is-layout-flow\">\n<p class=\"has-text-align-center has-large-font-size\"><br><br><\/p>\n<\/div><\/div>\n\n\n\n<figure class=\"wp-block-image alignwide\"><img loading=\"lazy\" decoding=\"async\" width=\"1024\" height=\"10\" src=\"http:\/\/consultprevsante.com\/wp-content\/uploads\/2019\/03\/trait-rose1-1-1024x10.jpg\" alt=\"\" class=\"wp-image-1739\" srcset=\"https:\/\/consultprevsante.com\/wp-content\/uploads\/2019\/03\/trait-rose1-1-1024x10.jpg 1024w, https:\/\/consultprevsante.com\/wp-content\/uploads\/2019\/03\/trait-rose1-1-300x3.jpg 300w, https:\/\/consultprevsante.com\/wp-content\/uploads\/2019\/03\/trait-rose1-1-768x8.jpg 768w, https:\/\/consultprevsante.com\/wp-content\/uploads\/2019\/03\/trait-rose1-1.jpg 1579w\" sizes=\"auto, (max-width: 1024px) 100vw, 1024px\" \/><\/figure>\n","protected":false},"excerpt":{"rendered":"<p>1 1<\/p>\n","protected":false},"author":1,"featured_media":0,"parent":0,"menu_order":0,"comment_status":"closed","ping_status":"closed","template":"","meta":{"footnotes":""},"class_list":["post-355","page","type-page","status-publish","hentry","entry"],"yoast_head":"<!-- This site is optimized with the Yoast SEO plugin v24.3 - https:\/\/yoast.com\/wordpress\/plugins\/seo\/ -->\n<title>Accueil - CONSULT PREV SANTE<\/title>\n<meta name=\"robots\" content=\"index, follow, max-snippet:-1, max-image-preview:large, max-video-preview:-1\" \/>\n<link rel=\"canonical\" href=\"https:\/\/consultprevsante.com\/\" \/>\n<meta property=\"og:locale\" content=\"fr_FR\" \/>\n<meta property=\"og:type\" content=\"article\" \/>\n<meta property=\"og:title\" content=\"Accueil - CONSULT PREV SANTE\" \/>\n<meta property=\"og:description\" content=\"1 1\" \/>\n<meta property=\"og:url\" content=\"https:\/\/consultprevsante.com\/\" \/>\n<meta property=\"og:site_name\" content=\"CONSULT PREV SANTE\" \/>\n<meta property=\"article:modified_time\" content=\"2025-03-16T18:16:01+00:00\" \/>\n<meta property=\"og:image\" content=\"http:\/\/consultprevsante.com\/wp-content\/uploads\/2019\/03\/photo-5acceuil.jpg\" \/>\n<meta name=\"twitter:card\" content=\"summary_large_image\" \/>\n<meta name=\"twitter:label1\" content=\"Dur\u00e9e de lecture estim\u00e9e\" \/>\n\t<meta name=\"twitter:data1\" content=\"3 minutes\" \/>\n<script type=\"application\/ld+json\" class=\"yoast-schema-graph\">{\"@context\":\"https:\/\/schema.org\",\"@graph\":[{\"@type\":\"WebPage\",\"@id\":\"https:\/\/consultprevsante.com\/\",\"url\":\"https:\/\/consultprevsante.com\/\",\"name\":\"Accueil - CONSULT PREV SANTE\",\"isPartOf\":{\"@id\":\"https:\/\/consultprevsante.com\/#website\"},\"primaryImageOfPage\":{\"@id\":\"https:\/\/consultprevsante.com\/#primaryimage\"},\"image\":{\"@id\":\"https:\/\/consultprevsante.com\/#primaryimage\"},\"thumbnailUrl\":\"http:\/\/consultprevsante.com\/wp-content\/uploads\/2019\/03\/photo-5acceuil.jpg\",\"datePublished\":\"2016-09-24T14:40:14+00:00\",\"dateModified\":\"2025-03-16T18:16:01+00:00\",\"breadcrumb\":{\"@id\":\"https:\/\/consultprevsante.com\/#breadcrumb\"},\"inLanguage\":\"fr-FR\",\"potentialAction\":[{\"@type\":\"ReadAction\",\"target\":[\"https:\/\/consultprevsante.com\/\"]}]},{\"@type\":\"ImageObject\",\"inLanguage\":\"fr-FR\",\"@id\":\"https:\/\/consultprevsante.com\/#primaryimage\",\"url\":\"https:\/\/consultprevsante.com\/wp-content\/uploads\/2019\/03\/photo-5acceuil.jpg\",\"contentUrl\":\"https:\/\/consultprevsante.com\/wp-content\/uploads\/2019\/03\/photo-5acceuil.jpg\",\"width\":3864,\"height\":2576,\"caption\":\"Abstract blue medical background\"},{\"@type\":\"BreadcrumbList\",\"@id\":\"https:\/\/consultprevsante.com\/#breadcrumb\",\"itemListElement\":[{\"@type\":\"ListItem\",\"position\":1,\"name\":\"Accueil\",\"item\":\"https:\/\/consultprevsante.com\/\"},{\"@type\":\"ListItem\",\"position\":2,\"name\":\"Accueil\"}]},{\"@type\":\"WebSite\",\"@id\":\"https:\/\/consultprevsante.com\/#website\",\"url\":\"https:\/\/consultprevsante.com\/\",\"name\":\"CONSULT PREV SANTE\",\"description\":\"CONSULT PREV SANTE\",\"publisher\":{\"@id\":\"https:\/\/consultprevsante.com\/#organization\"},\"potentialAction\":[{\"@type\":\"SearchAction\",\"target\":{\"@type\":\"EntryPoint\",\"urlTemplate\":\"https:\/\/consultprevsante.com\/?s={search_term_string}\"},\"query-input\":{\"@type\":\"PropertyValueSpecification\",\"valueRequired\":true,\"valueName\":\"search_term_string\"}}],\"inLanguage\":\"fr-FR\"},{\"@type\":\"Organization\",\"@id\":\"https:\/\/consultprevsante.com\/#organization\",\"name\":\"CONSULT PREV SANTE\",\"url\":\"https:\/\/consultprevsante.com\/\",\"logo\":{\"@type\":\"ImageObject\",\"inLanguage\":\"fr-FR\",\"@id\":\"https:\/\/consultprevsante.com\/#\/schema\/logo\/image\/\",\"url\":\"https:\/\/consultprevsante.com\/wp-content\/uploads\/2019\/03\/cropped-logo-consult-4-1.jpg\",\"contentUrl\":\"https:\/\/consultprevsante.com\/wp-content\/uploads\/2019\/03\/cropped-logo-consult-4-1.jpg\",\"width\":300,\"height\":267,\"caption\":\"CONSULT PREV SANTE\"},\"image\":{\"@id\":\"https:\/\/consultprevsante.com\/#\/schema\/logo\/image\/\"}}]}<\/script>\n<!-- \/ Yoast SEO plugin. -->","yoast_head_json":{"title":"Accueil - CONSULT PREV SANTE","robots":{"index":"index","follow":"follow","max-snippet":"max-snippet:-1","max-image-preview":"max-image-preview:large","max-video-preview":"max-video-preview:-1"},"canonical":"https:\/\/consultprevsante.com\/","og_locale":"fr_FR","og_type":"article","og_title":"Accueil - CONSULT PREV SANTE","og_description":"1 1","og_url":"https:\/\/consultprevsante.com\/","og_site_name":"CONSULT PREV SANTE","article_modified_time":"2025-03-16T18:16:01+00:00","og_image":[{"url":"http:\/\/consultprevsante.com\/wp-content\/uploads\/2019\/03\/photo-5acceuil.jpg","type":"","width":"","height":""}],"twitter_card":"summary_large_image","twitter_misc":{"Dur\u00e9e de lecture estim\u00e9e":"3 minutes"},"schema":{"@context":"https:\/\/schema.org","@graph":[{"@type":"WebPage","@id":"https:\/\/consultprevsante.com\/","url":"https:\/\/consultprevsante.com\/","name":"Accueil - CONSULT PREV SANTE","isPartOf":{"@id":"https:\/\/consultprevsante.com\/#website"},"primaryImageOfPage":{"@id":"https:\/\/consultprevsante.com\/#primaryimage"},"image":{"@id":"https:\/\/consultprevsante.com\/#primaryimage"},"thumbnailUrl":"http:\/\/consultprevsante.com\/wp-content\/uploads\/2019\/03\/photo-5acceuil.jpg","datePublished":"2016-09-24T14:40:14+00:00","dateModified":"2025-03-16T18:16:01+00:00","breadcrumb":{"@id":"https:\/\/consultprevsante.com\/#breadcrumb"},"inLanguage":"fr-FR","potentialAction":[{"@type":"ReadAction","target":["https:\/\/consultprevsante.com\/"]}]},{"@type":"ImageObject","inLanguage":"fr-FR","@id":"https:\/\/consultprevsante.com\/#primaryimage","url":"https:\/\/consultprevsante.com\/wp-content\/uploads\/2019\/03\/photo-5acceuil.jpg","contentUrl":"https:\/\/consultprevsante.com\/wp-content\/uploads\/2019\/03\/photo-5acceuil.jpg","width":3864,"height":2576,"caption":"Abstract blue medical background"},{"@type":"BreadcrumbList","@id":"https:\/\/consultprevsante.com\/#breadcrumb","itemListElement":[{"@type":"ListItem","position":1,"name":"Accueil","item":"https:\/\/consultprevsante.com\/"},{"@type":"ListItem","position":2,"name":"Accueil"}]},{"@type":"WebSite","@id":"https:\/\/consultprevsante.com\/#website","url":"https:\/\/consultprevsante.com\/","name":"CONSULT PREV SANTE","description":"CONSULT PREV SANTE","publisher":{"@id":"https:\/\/consultprevsante.com\/#organization"},"potentialAction":[{"@type":"SearchAction","target":{"@type":"EntryPoint","urlTemplate":"https:\/\/consultprevsante.com\/?s={search_term_string}"},"query-input":{"@type":"PropertyValueSpecification","valueRequired":true,"valueName":"search_term_string"}}],"inLanguage":"fr-FR"},{"@type":"Organization","@id":"https:\/\/consultprevsante.com\/#organization","name":"CONSULT PREV SANTE","url":"https:\/\/consultprevsante.com\/","logo":{"@type":"ImageObject","inLanguage":"fr-FR","@id":"https:\/\/consultprevsante.com\/#\/schema\/logo\/image\/","url":"https:\/\/consultprevsante.com\/wp-content\/uploads\/2019\/03\/cropped-logo-consult-4-1.jpg","contentUrl":"https:\/\/consultprevsante.com\/wp-content\/uploads\/2019\/03\/cropped-logo-consult-4-1.jpg","width":300,"height":267,"caption":"CONSULT PREV SANTE"},"image":{"@id":"https:\/\/consultprevsante.com\/#\/schema\/logo\/image\/"}}]}},"_links":{"self":[{"href":"https:\/\/consultprevsante.com\/index.php\/wp-json\/wp\/v2\/pages\/355","targetHints":{"allow":["GET"]}}],"collection":[{"href":"https:\/\/consultprevsante.com\/index.php\/wp-json\/wp\/v2\/pages"}],"about":[{"href":"https:\/\/consultprevsante.com\/index.php\/wp-json\/wp\/v2\/types\/page"}],"author":[{"embeddable":true,"href":"https:\/\/consultprevsante.com\/index.php\/wp-json\/wp\/v2\/users\/1"}],"replies":[{"embeddable":true,"href":"https:\/\/consultprevsante.com\/index.php\/wp-json\/wp\/v2\/comments?post=355"}],"version-history":[{"count":325,"href":"https:\/\/consultprevsante.com\/index.php\/wp-json\/wp\/v2\/pages\/355\/revisions"}],"predecessor-version":[{"id":3078,"href":"https:\/\/consultprevsante.com\/index.php\/wp-json\/wp\/v2\/pages\/355\/revisions\/3078"}],"wp:attachment":[{"href":"https:\/\/consultprevsante.com\/index.php\/wp-json\/wp\/v2\/media?parent=355"}],"curies":[{"name":"wp","href":"https:\/\/api.w.org\/{rel}","templated":true}]}}