{"id":406,"date":"2016-09-27T09:51:22","date_gmt":"2016-09-27T09:51:22","guid":{"rendered":"http:\/\/fitness2.mythemecloud.io\/?page_id=406"},"modified":"2025-01-18T17:56:51","modified_gmt":"2025-01-18T16:56:51","slug":"studio","status":"publish","type":"page","link":"https:\/\/consultprevsante.com\/index.php\/studio\/","title":{"rendered":"Qui suis-je ?"},"content":{"rendered":"\n<p class=\"has-text-align-left has-cyan-bluish-gray-color has-text-color\" style=\"font-size:18px\"><span style=\"color:#313131\" class=\"tadv-color\"><strong>Solange CABAUP<\/strong><\/span><\/p>\n\n\n\n<figure class=\"wp-block-image\"><img loading=\"lazy\" decoding=\"async\" width=\"812\" height=\"1024\" src=\"http:\/\/consultprevsante.com\/wp-content\/uploads\/2019\/03\/Solange-qui-812x1024.jpg\" alt=\"\" class=\"wp-image-1532\" srcset=\"https:\/\/consultprevsante.com\/wp-content\/uploads\/2019\/03\/Solange-qui-812x1024.jpg 812w, https:\/\/consultprevsante.com\/wp-content\/uploads\/2019\/03\/Solange-qui-238x300.jpg 238w, https:\/\/consultprevsante.com\/wp-content\/uploads\/2019\/03\/Solange-qui-768x969.jpg 768w, https:\/\/consultprevsante.com\/wp-content\/uploads\/2019\/03\/Solange-qui.jpg 1775w\" sizes=\"auto, (max-width: 812px) 100vw, 812px\" \/><\/figure>\n\n\n\n<p>C<strong>oach en Sant\u00e9 Globale<\/strong><\/p>\n\n\n\n<p><br \/><strong>Kin\u00e9sith\u00e9rapeute Pr\u00e9venteur en sant\u00e9 au travail-Ost\u00e9opathe DO -Expert judiciaire aupr\u00e8s de la cour d\u2019appel de Lyon.<\/strong><\/p>\n<p><br \/>Mon Parcours\u00a0:<br \/>Kin\u00e9sith\u00e9rapeute depuis 1989, ma sensibilit\u00e9 m\u2019a imm\u00e9diatement port\u00e9e vers des techniques d\u2019approche globale du corps.<br \/>De la posture globale vers la gestuelle au travail, j\u2019ai tent\u00e9 de comprendre la globalit\u00e9 des maux de mes patients en cherchant l\u2019origine, les causes et les cons\u00e9quences des sympt\u00f4mes qu\u2019il me d\u00e9crivaient. J\u2019ai ensuite enrichi ma pratique par les techniques d\u2019ost\u00e9opathie, discipline que j\u2019ai enseign\u00e9e durant 6 ans.<br \/>Form\u00e9e aux techniques \u00e9motionnelles et \u00e9nerg\u00e9tique, j\u2019avais alors un panel de techniques pour comprendre l\u2019origine et le d\u00e9roul\u00e9 des histoires de vie de mes patients.<br \/>J\u2019ai compl\u00e9t\u00e9 ces comp\u00e9tences par des formations et s\u00e9minaires sur l\u2019alimentation adapt\u00e9e aux probl\u00e8mes de sant\u00e9 afin d\u2019am\u00e9liorer l\u2019hygi\u00e8ne de vie des patients.<br \/>L\u2019ensemble constitue 3 dimensions : la dimension physique, la dimension \u00e9motionnelle et l\u2019alimentaire qui forment la tr\u00e2me op\u00e9rationnelle du coaching en sant\u00e9 globale.<br \/>Apr\u00e8s un bilan individuel et personnalis\u00e9, un suivi peut permettre de maintenir un \u00e9tat de sant\u00e9 , l\u2019am\u00e9liorer, ou accompagner des personnes sur le chemin de la guerrison.<\/p>\n\n\n\n<details class=\"wp-block-details is-layout-flow wp-block-details-is-layout-flow\"><summary><\/summary><\/details>\n\n\n\n<details class=\"wp-block-details is-layout-flow wp-block-details-is-layout-flow\"><summary><\/summary>\n<p>&nbsp;<\/p>\n<p>&nbsp;<\/p>\n<\/details>\n\n\n\n<p style=\"font-size:18px\"><span style=\"color:#313131\" class=\"tadv-color\">&nbsp;FORMATIONS&nbsp;:<\/span><\/p>\n\n\n\n<p style=\"font-size:18px\">&#8211; <span style=\"color:#313131\" class=\"tadv-color\">Dipl\u00f4m\u00e9e de l\u2019\u00e9cole de masso-kin\u00e9sith\u00e9rapie de Montpellier en 1989.<\/span><\/p>\n\n\n\n<p style=\"font-size:18px\">&#8211; <span style=\"color:#313131\" class=\"tadv-color\">Dipl\u00f4m\u00e9e d\u2019Ost\u00e9opathie en 2002.<\/span><\/p>\n\n\n\n<p style=\"font-size:18px\"><span style=\"color:#313131\" class=\"tadv-color\">Dipl\u00f4me de Dry Needling en 2019. <\/span><\/p>\n\n\n\n<p style=\"font-size:18px\">&#8211;<span style=\"color:#313131\" class=\"tadv-color\"> Kin\u00e9sith\u00e9rapeute-pr\u00e9venteur en sant\u00e9 au travail depuis 2010.<\/span><\/p>\n\n\n\n<p style=\"font-size:18px\">&#8211; <span style=\"color: #313131;\" class=\"tadv-color\">Certificat de Kin\u00e9siologue en 2000 (IFKA&nbsp;: Institut fran\u00e7ais de kin\u00e9siologie appliqu\u00e9e).<\/span><\/p>\n\n\n\n<p style=\"font-size:18px\"><span style=\"color: #313131;\" class=\"tadv-color\">DU d&#8217;expertise judiciaire en 2021 \u00e0 la facult\u00e9 de droit ( ICT) de Toulouse\/Sant\u00e9juris<\/span><\/p>\n\n\n\n<p style=\"font-size:18px\"><\/p>\n\n\n\n<ul class=\"wp-block-list\">\n<li><\/li>\n<\/ul>\n\n\n\n<figure class=\"wp-block-image alignwide\"><img loading=\"lazy\" decoding=\"async\" width=\"1024\" height=\"10\" src=\"http:\/\/consultprevsante.com\/wp-content\/uploads\/2019\/03\/trait-rose1-1-1024x10.jpg\" alt=\"\" class=\"wp-image-1739\" srcset=\"https:\/\/consultprevsante.com\/wp-content\/uploads\/2019\/03\/trait-rose1-1-1024x10.jpg 1024w, https:\/\/consultprevsante.com\/wp-content\/uploads\/2019\/03\/trait-rose1-1-300x3.jpg 300w, https:\/\/consultprevsante.com\/wp-content\/uploads\/2019\/03\/trait-rose1-1-768x8.jpg 768w, https:\/\/consultprevsante.com\/wp-content\/uploads\/2019\/03\/trait-rose1-1.jpg 1579w\" sizes=\"auto, (max-width: 1024px) 100vw, 1024px\" \/><\/figure>\n","protected":false},"excerpt":{"rendered":"<p>Solange CABAUP Coach en Sant\u00e9 Globale &nbsp;FORMATIONS&nbsp;: &#8211; Dipl\u00f4m\u00e9e de l\u2019\u00e9cole de masso-kin\u00e9sith\u00e9rapie de Montpellier en 1989. &#8211; Dipl\u00f4m\u00e9e d\u2019Ost\u00e9opathie en 2002. Dipl\u00f4me de Dry Needling en 2019. &#8211; Kin\u00e9sith\u00e9rapeute-pr\u00e9venteur en sant\u00e9 au travail depuis 2010. &#8211; Certificat de Kin\u00e9siologue en 2000 (IFKA&nbsp;: Institut fran\u00e7ais de kin\u00e9siologie appliqu\u00e9e). DU d&#8217;expertise judiciaire en 2021 \u00e0 la [&hellip;]<\/p>\n","protected":false},"author":1,"featured_media":0,"parent":0,"menu_order":0,"comment_status":"closed","ping_status":"closed","template":"","meta":{"footnotes":""},"class_list":["post-406","page","type-page","status-publish","hentry","entry"],"yoast_head":"<!-- This site is optimized with the Yoast SEO plugin v24.3 - https:\/\/yoast.com\/wordpress\/plugins\/seo\/ -->\n<title>Qui suis-je ? - CONSULT PREV SANTE<\/title>\n<meta name=\"robots\" content=\"index, follow, max-snippet:-1, max-image-preview:large, max-video-preview:-1\" \/>\n<link rel=\"canonical\" href=\"https:\/\/consultprevsante.com\/index.php\/studio\/\" \/>\n<meta property=\"og:locale\" content=\"fr_FR\" \/>\n<meta property=\"og:type\" content=\"article\" \/>\n<meta property=\"og:title\" content=\"Qui suis-je ? - CONSULT PREV SANTE\" \/>\n<meta property=\"og:description\" content=\"Solange CABAUP Coach en Sant\u00e9 Globale &nbsp;FORMATIONS&nbsp;: &#8211; Dipl\u00f4m\u00e9e de l\u2019\u00e9cole de masso-kin\u00e9sith\u00e9rapie de Montpellier en 1989. &#8211; Dipl\u00f4m\u00e9e d\u2019Ost\u00e9opathie en 2002. Dipl\u00f4me de Dry Needling en 2019. &#8211; Kin\u00e9sith\u00e9rapeute-pr\u00e9venteur en sant\u00e9 au travail depuis 2010. &#8211; Certificat de Kin\u00e9siologue en 2000 (IFKA&nbsp;: Institut fran\u00e7ais de kin\u00e9siologie appliqu\u00e9e). DU d&#8217;expertise judiciaire en 2021 \u00e0 la [&hellip;]\" \/>\n<meta property=\"og:url\" content=\"https:\/\/consultprevsante.com\/index.php\/studio\/\" \/>\n<meta property=\"og:site_name\" content=\"CONSULT PREV SANTE\" \/>\n<meta property=\"article:modified_time\" content=\"2025-01-18T16:56:51+00:00\" \/>\n<meta property=\"og:image\" content=\"http:\/\/consultprevsante.com\/wp-content\/uploads\/2019\/03\/Solange-qui-812x1024.jpg\" \/>\n<meta name=\"twitter:card\" content=\"summary_large_image\" \/>\n<meta name=\"twitter:label1\" content=\"Dur\u00e9e de lecture estim\u00e9e\" \/>\n\t<meta name=\"twitter:data1\" content=\"2 minutes\" \/>\n<script type=\"application\/ld+json\" class=\"yoast-schema-graph\">{\"@context\":\"https:\/\/schema.org\",\"@graph\":[{\"@type\":\"WebPage\",\"@id\":\"https:\/\/consultprevsante.com\/index.php\/studio\/\",\"url\":\"https:\/\/consultprevsante.com\/index.php\/studio\/\",\"name\":\"Qui suis-je ? - CONSULT PREV SANTE\",\"isPartOf\":{\"@id\":\"https:\/\/consultprevsante.com\/#website\"},\"primaryImageOfPage\":{\"@id\":\"https:\/\/consultprevsante.com\/index.php\/studio\/#primaryimage\"},\"image\":{\"@id\":\"https:\/\/consultprevsante.com\/index.php\/studio\/#primaryimage\"},\"thumbnailUrl\":\"http:\/\/consultprevsante.com\/wp-content\/uploads\/2019\/03\/Solange-qui-812x1024.jpg\",\"datePublished\":\"2016-09-27T09:51:22+00:00\",\"dateModified\":\"2025-01-18T16:56:51+00:00\",\"breadcrumb\":{\"@id\":\"https:\/\/consultprevsante.com\/index.php\/studio\/#breadcrumb\"},\"inLanguage\":\"fr-FR\",\"potentialAction\":[{\"@type\":\"ReadAction\",\"target\":[\"https:\/\/consultprevsante.com\/index.php\/studio\/\"]}]},{\"@type\":\"ImageObject\",\"inLanguage\":\"fr-FR\",\"@id\":\"https:\/\/consultprevsante.com\/index.php\/studio\/#primaryimage\",\"url\":\"https:\/\/consultprevsante.com\/wp-content\/uploads\/2019\/03\/Solange-qui.jpg\",\"contentUrl\":\"https:\/\/consultprevsante.com\/wp-content\/uploads\/2019\/03\/Solange-qui.jpg\",\"width\":1775,\"height\":2239},{\"@type\":\"BreadcrumbList\",\"@id\":\"https:\/\/consultprevsante.com\/index.php\/studio\/#breadcrumb\",\"itemListElement\":[{\"@type\":\"ListItem\",\"position\":1,\"name\":\"Accueil\",\"item\":\"https:\/\/consultprevsante.com\/\"},{\"@type\":\"ListItem\",\"position\":2,\"name\":\"Qui suis-je ?\"}]},{\"@type\":\"WebSite\",\"@id\":\"https:\/\/consultprevsante.com\/#website\",\"url\":\"https:\/\/consultprevsante.com\/\",\"name\":\"CONSULT PREV SANTE\",\"description\":\"CONSULT PREV SANTE\",\"publisher\":{\"@id\":\"https:\/\/consultprevsante.com\/#organization\"},\"potentialAction\":[{\"@type\":\"SearchAction\",\"target\":{\"@type\":\"EntryPoint\",\"urlTemplate\":\"https:\/\/consultprevsante.com\/?s={search_term_string}\"},\"query-input\":{\"@type\":\"PropertyValueSpecification\",\"valueRequired\":true,\"valueName\":\"search_term_string\"}}],\"inLanguage\":\"fr-FR\"},{\"@type\":\"Organization\",\"@id\":\"https:\/\/consultprevsante.com\/#organization\",\"name\":\"CONSULT PREV SANTE\",\"url\":\"https:\/\/consultprevsante.com\/\",\"logo\":{\"@type\":\"ImageObject\",\"inLanguage\":\"fr-FR\",\"@id\":\"https:\/\/consultprevsante.com\/#\/schema\/logo\/image\/\",\"url\":\"https:\/\/consultprevsante.com\/wp-content\/uploads\/2019\/03\/cropped-logo-consult-4-1.jpg\",\"contentUrl\":\"https:\/\/consultprevsante.com\/wp-content\/uploads\/2019\/03\/cropped-logo-consult-4-1.jpg\",\"width\":300,\"height\":267,\"caption\":\"CONSULT PREV SANTE\"},\"image\":{\"@id\":\"https:\/\/consultprevsante.com\/#\/schema\/logo\/image\/\"}}]}<\/script>\n<!-- \/ Yoast SEO plugin. -->","yoast_head_json":{"title":"Qui suis-je ? - CONSULT PREV SANTE","robots":{"index":"index","follow":"follow","max-snippet":"max-snippet:-1","max-image-preview":"max-image-preview:large","max-video-preview":"max-video-preview:-1"},"canonical":"https:\/\/consultprevsante.com\/index.php\/studio\/","og_locale":"fr_FR","og_type":"article","og_title":"Qui suis-je ? - CONSULT PREV SANTE","og_description":"Solange CABAUP Coach en Sant\u00e9 Globale &nbsp;FORMATIONS&nbsp;: &#8211; Dipl\u00f4m\u00e9e de l\u2019\u00e9cole de masso-kin\u00e9sith\u00e9rapie de Montpellier en 1989. &#8211; Dipl\u00f4m\u00e9e d\u2019Ost\u00e9opathie en 2002. Dipl\u00f4me de Dry Needling en 2019. &#8211; Kin\u00e9sith\u00e9rapeute-pr\u00e9venteur en sant\u00e9 au travail depuis 2010. &#8211; Certificat de Kin\u00e9siologue en 2000 (IFKA&nbsp;: Institut fran\u00e7ais de kin\u00e9siologie appliqu\u00e9e). DU d&#8217;expertise judiciaire en 2021 \u00e0 la [&hellip;]","og_url":"https:\/\/consultprevsante.com\/index.php\/studio\/","og_site_name":"CONSULT PREV SANTE","article_modified_time":"2025-01-18T16:56:51+00:00","og_image":[{"url":"http:\/\/consultprevsante.com\/wp-content\/uploads\/2019\/03\/Solange-qui-812x1024.jpg","type":"","width":"","height":""}],"twitter_card":"summary_large_image","twitter_misc":{"Dur\u00e9e de lecture estim\u00e9e":"2 minutes"},"schema":{"@context":"https:\/\/schema.org","@graph":[{"@type":"WebPage","@id":"https:\/\/consultprevsante.com\/index.php\/studio\/","url":"https:\/\/consultprevsante.com\/index.php\/studio\/","name":"Qui suis-je ? - CONSULT PREV SANTE","isPartOf":{"@id":"https:\/\/consultprevsante.com\/#website"},"primaryImageOfPage":{"@id":"https:\/\/consultprevsante.com\/index.php\/studio\/#primaryimage"},"image":{"@id":"https:\/\/consultprevsante.com\/index.php\/studio\/#primaryimage"},"thumbnailUrl":"http:\/\/consultprevsante.com\/wp-content\/uploads\/2019\/03\/Solange-qui-812x1024.jpg","datePublished":"2016-09-27T09:51:22+00:00","dateModified":"2025-01-18T16:56:51+00:00","breadcrumb":{"@id":"https:\/\/consultprevsante.com\/index.php\/studio\/#breadcrumb"},"inLanguage":"fr-FR","potentialAction":[{"@type":"ReadAction","target":["https:\/\/consultprevsante.com\/index.php\/studio\/"]}]},{"@type":"ImageObject","inLanguage":"fr-FR","@id":"https:\/\/consultprevsante.com\/index.php\/studio\/#primaryimage","url":"https:\/\/consultprevsante.com\/wp-content\/uploads\/2019\/03\/Solange-qui.jpg","contentUrl":"https:\/\/consultprevsante.com\/wp-content\/uploads\/2019\/03\/Solange-qui.jpg","width":1775,"height":2239},{"@type":"BreadcrumbList","@id":"https:\/\/consultprevsante.com\/index.php\/studio\/#breadcrumb","itemListElement":[{"@type":"ListItem","position":1,"name":"Accueil","item":"https:\/\/consultprevsante.com\/"},{"@type":"ListItem","position":2,"name":"Qui suis-je ?"}]},{"@type":"WebSite","@id":"https:\/\/consultprevsante.com\/#website","url":"https:\/\/consultprevsante.com\/","name":"CONSULT PREV SANTE","description":"CONSULT PREV SANTE","publisher":{"@id":"https:\/\/consultprevsante.com\/#organization"},"potentialAction":[{"@type":"SearchAction","target":{"@type":"EntryPoint","urlTemplate":"https:\/\/consultprevsante.com\/?s={search_term_string}"},"query-input":{"@type":"PropertyValueSpecification","valueRequired":true,"valueName":"search_term_string"}}],"inLanguage":"fr-FR"},{"@type":"Organization","@id":"https:\/\/consultprevsante.com\/#organization","name":"CONSULT PREV SANTE","url":"https:\/\/consultprevsante.com\/","logo":{"@type":"ImageObject","inLanguage":"fr-FR","@id":"https:\/\/consultprevsante.com\/#\/schema\/logo\/image\/","url":"https:\/\/consultprevsante.com\/wp-content\/uploads\/2019\/03\/cropped-logo-consult-4-1.jpg","contentUrl":"https:\/\/consultprevsante.com\/wp-content\/uploads\/2019\/03\/cropped-logo-consult-4-1.jpg","width":300,"height":267,"caption":"CONSULT PREV SANTE"},"image":{"@id":"https:\/\/consultprevsante.com\/#\/schema\/logo\/image\/"}}]}},"_links":{"self":[{"href":"https:\/\/consultprevsante.com\/index.php\/wp-json\/wp\/v2\/pages\/406","targetHints":{"allow":["GET"]}}],"collection":[{"href":"https:\/\/consultprevsante.com\/index.php\/wp-json\/wp\/v2\/pages"}],"about":[{"href":"https:\/\/consultprevsante.com\/index.php\/wp-json\/wp\/v2\/types\/page"}],"author":[{"embeddable":true,"href":"https:\/\/consultprevsante.com\/index.php\/wp-json\/wp\/v2\/users\/1"}],"replies":[{"embeddable":true,"href":"https:\/\/consultprevsante.com\/index.php\/wp-json\/wp\/v2\/comments?post=406"}],"version-history":[{"count":54,"href":"https:\/\/consultprevsante.com\/index.php\/wp-json\/wp\/v2\/pages\/406\/revisions"}],"predecessor-version":[{"id":3060,"href":"https:\/\/consultprevsante.com\/index.php\/wp-json\/wp\/v2\/pages\/406\/revisions\/3060"}],"wp:attachment":[{"href":"https:\/\/consultprevsante.com\/index.php\/wp-json\/wp\/v2\/media?parent=406"}],"curies":[{"name":"wp","href":"https:\/\/api.w.org\/{rel}","templated":true}]}}