{"id":972,"date":"2019-02-15T15:24:51","date_gmt":"2019-02-15T14:24:51","guid":{"rendered":"http:\/\/consultprevsante.com\/?page_id=972"},"modified":"2025-01-14T10:24:09","modified_gmt":"2025-01-14T09:24:09","slug":"pour-rester-en-bonne-sante","status":"publish","type":"page","link":"https:\/\/consultprevsante.com\/index.php\/pour-rester-en-bonne-sante\/","title":{"rendered":"Pour rester en bonne sant\u00e9&#8230;."},"content":{"rendered":"\n<div class=\"wp-block-cover alignfull is-light has-parallax\"><span aria-hidden=\"true\" class=\"wp-block-cover__background has-background-dim\"><\/span><div class=\"wp-block-cover__image-background wp-image-1311 has-parallax\" style=\"background-position:50% 50%;background-image:url(http:\/\/consultprevsante.com\/wp-content\/uploads\/2019\/02\/photo1acceuil-1.jpg)\"><\/div><div class=\"wp-block-cover__inner-container is-layout-flow wp-block-cover-is-layout-flow\">\n<p class=\"has-text-align-center has-large-font-size\"><br>Pour rester en bonne sant\u00e9\u2026Equilibrer:          PHYSIQUE-EMOTIONNEL-ALIMENTAIRE<\/p>\n<\/div><\/div>\n\n\n\n<p style=\"font-size:18px\"><span style=\"color:#313131\" class=\"tadv-color\">Une m\u00e9thodologie sur-mesure est l\u00e0 pour vous permettre de faire le point.<\/span><\/p>\n\n\n\n<p style=\"font-size:18px\"><span style=\"color:#313131\" class=\"tadv-color\">Qu\u2019est-ce qui est bon pour moi afin de ne pas tomber malade&nbsp;?<\/span><\/p>\n\n\n\n<p style=\"font-size:18px\"><span style=\"color:#313131\" class=\"tadv-color\">Qu\u2019est ce qui est bon pour moi en fonction de mon \u00e2ge, mon activit\u00e9 professionnelle, mon \u00e9tat \u00e9motionnel et mes ant\u00e9c\u00e9dents familiaux&nbsp;?<\/span><\/p>\n\n\n\n<p style=\"font-size:18px\"><span style=\"color:#313131\" class=\"tadv-color\">Consult Prev\u2019Sant\u00e9, gr\u00e2ce \u00e0 un <strong>COACHING<\/strong> cibl\u00e9 et personnalis\u00e9 vous accompagne dans votre d\u00e9marche pour pr\u00e9server votre sant\u00e9.<\/span><\/p>\n\n\n\n<h2 class=\"wp-block-heading\"><figure><img loading=\"lazy\" decoding=\"async\" class=\"wp-image-1156  aligncenter\" src=\"http:\/\/consultprevsante.com\/wp-content\/uploads\/2019\/02\/accueil2-300x212.jpg\" alt=\"\" width=\"255\" height=\"180\" srcset=\"https:\/\/consultprevsante.com\/wp-content\/uploads\/2019\/02\/accueil2-300x212.jpg 300w, https:\/\/consultprevsante.com\/wp-content\/uploads\/2019\/02\/accueil2-768x544.jpg 768w, https:\/\/consultprevsante.com\/wp-content\/uploads\/2019\/02\/accueil2-1024x725.jpg 1024w\" sizes=\"auto, (max-width: 255px) 100vw, 255px\" \/><\/figure><\/h2>\n\n\n\n<p style=\"font-size:18px\">&#8211;<span style=\"color:#313131\" class=\"tadv-color\"> Les diff\u00e9rents praticiens m\u00e9dicaux ou param\u00e9dicaux ont fort \u00e0 faire avec les traitements curatifs pour conduire les patients vers la gu\u00e9rison, et peu s\u2019occupent de la Pr\u00e9vention.<\/span><\/p>\n\n\n\n<p style=\"font-size:18px\">&nbsp;<span style=\"color:#313131\" class=\"tadv-color\">Pourtant &nbsp;\u00e0 en croire le proverbe \u00ab&nbsp;Mieux vaut pr\u00e9venir que gu\u00e9rir&nbsp;\u00bb&nbsp;\u2026la Pr\u00e9vention est primordiale pour maintenir sa Sant\u00e9&nbsp;!<\/span><\/p>\n\n\n\n<p style=\"font-size:18px\"><span style=\"color:#313131\" class=\"tadv-color\">L\u2019OMS d\u00e9finit la Pr\u00e9vention comme une priorit\u00e9 mondiale&nbsp;et ainsi recommande la formation de l\u2019opinion publique aux probl\u00e8mes de pr\u00e9vention et de conservation de la Sant\u00e9, la d\u00e9finissant comme&nbsp;\u00ab&nbsp;un \u00e9tat de complet bien-\u00eatre physique, mental et social&nbsp;\u00bb<\/span><\/p>\n\n\n\n<p style=\"font-size:18px\"><span style=\"color:#313131\" class=\"tadv-color\">J\u2019ai ainsi d\u00e9velopp\u00e9 une m\u00e9thodologie bas\u00e9e sur le meilleur des techniques exp\u00e9rimentales, que je ma\u00eetrise, afin que chacun puisse d\u00e9finir ses fragilit\u00e9s et les travailler pour \u00e9viter de cr\u00e9er le terrain qui permettrait \u00e0 la maladie de s\u2019installer.<\/span><\/p>\n\n\n\n<p style=\"font-size:18px\"><span style=\"color:#313131\" class=\"tadv-color\">Fort de mon exp\u00e9rience de 30 ann\u00e9es dans le domaine de la Sant\u00e9, je d\u00e9cline la Pr\u00e9vention sous 3 axes majeurs dont les synergies conduisent \u00e0 favoriser son maintien\u00a0: le premier axe est la Pr\u00e9vention de la sant\u00e9 Physique par l&#8217;ost\u00e9opathie ( adultes, enfants et b\u00e9b\u00e9s ) associ\u00e9 si n\u00e9cessaire au  Dry needling ( technique de relachement des contractures rebelles) et associ\u00e9 parfois \u00e0 des techniques de lacher prise \u00e9motionnel; le deuxi\u00e8me axe est la sant\u00e9 \u00c9motionnelle par des techniques de gestion \u00e9motionnelle issue de la kin\u00e9siologie et le troisi\u00e8me axe est bs\u00e9 sur des conseils ntritionnels par rapport \u00e0 votre modes de vie ou une maladie chronique) .<\/span><\/p>\n\n\n\n<blockquote class=\"wp-block-quote is-style-large is-layout-flow wp-block-quote-is-layout-flow\">\n<p><em>\u00a0\u00ab\u00a0Si quelqu\u2019un te demande de le gu\u00e9rir, demande-lui s\u2019il est pr\u00eat \u00e0 supprimer les causes de sa maladie.\u00a0\u00bb Hyppocrate<\/em><\/p>\n<\/blockquote>\n\n\n\n<figure class=\"wp-block-image alignwide\"><img loading=\"lazy\" decoding=\"async\" width=\"1024\" height=\"10\" src=\"http:\/\/consultprevsante.com\/wp-content\/uploads\/2019\/03\/trait-2-1024x10.jpg\" alt=\"\" class=\"wp-image-1543\" srcset=\"https:\/\/consultprevsante.com\/wp-content\/uploads\/2019\/03\/trait-2-1024x10.jpg 1024w, https:\/\/consultprevsante.com\/wp-content\/uploads\/2019\/03\/trait-2-300x3.jpg 300w, https:\/\/consultprevsante.com\/wp-content\/uploads\/2019\/03\/trait-2-768x8.jpg 768w, https:\/\/consultprevsante.com\/wp-content\/uploads\/2019\/03\/trait-2.jpg 1579w\" sizes=\"auto, (max-width: 1024px) 100vw, 1024px\" \/><\/figure>\n","protected":false},"excerpt":{"rendered":"<p>Une m\u00e9thodologie sur-mesure est l\u00e0 pour vous permettre de faire le point. Qu\u2019est-ce qui est bon pour moi afin de ne pas tomber malade&nbsp;? Qu\u2019est ce qui est bon pour moi en fonction de mon \u00e2ge, mon activit\u00e9 professionnelle, mon \u00e9tat \u00e9motionnel et mes ant\u00e9c\u00e9dents familiaux&nbsp;? Consult Prev\u2019Sant\u00e9, gr\u00e2ce \u00e0 un COACHING cibl\u00e9 et personnalis\u00e9 [&hellip;]<\/p>\n","protected":false},"author":1,"featured_media":0,"parent":0,"menu_order":0,"comment_status":"closed","ping_status":"closed","template":"","meta":{"footnotes":""},"class_list":["post-972","page","type-page","status-publish","hentry","entry"],"yoast_head":"<!-- This site is optimized with the Yoast SEO plugin v24.3 - https:\/\/yoast.com\/wordpress\/plugins\/seo\/ -->\n<title>Pour rester en bonne sant\u00e9.... - CONSULT PREV SANTE<\/title>\n<meta name=\"robots\" content=\"index, follow, max-snippet:-1, max-image-preview:large, max-video-preview:-1\" \/>\n<link rel=\"canonical\" href=\"https:\/\/consultprevsante.com\/index.php\/pour-rester-en-bonne-sante\/\" \/>\n<meta property=\"og:locale\" content=\"fr_FR\" \/>\n<meta property=\"og:type\" content=\"article\" \/>\n<meta property=\"og:title\" content=\"Pour rester en bonne sant\u00e9.... - CONSULT PREV SANTE\" \/>\n<meta property=\"og:description\" content=\"Une m\u00e9thodologie sur-mesure est l\u00e0 pour vous permettre de faire le point. Qu\u2019est-ce qui est bon pour moi afin de ne pas tomber malade&nbsp;? Qu\u2019est ce qui est bon pour moi en fonction de mon \u00e2ge, mon activit\u00e9 professionnelle, mon \u00e9tat \u00e9motionnel et mes ant\u00e9c\u00e9dents familiaux&nbsp;? Consult Prev\u2019Sant\u00e9, gr\u00e2ce \u00e0 un COACHING cibl\u00e9 et personnalis\u00e9 [&hellip;]\" \/>\n<meta property=\"og:url\" content=\"https:\/\/consultprevsante.com\/index.php\/pour-rester-en-bonne-sante\/\" \/>\n<meta property=\"og:site_name\" content=\"CONSULT PREV SANTE\" \/>\n<meta property=\"article:modified_time\" content=\"2025-01-14T09:24:09+00:00\" \/>\n<meta property=\"og:image\" content=\"http:\/\/consultprevsante.com\/wp-content\/uploads\/2019\/02\/accueil2-300x212.jpg\" \/>\n<meta name=\"twitter:card\" content=\"summary_large_image\" \/>\n<meta name=\"twitter:label1\" content=\"Dur\u00e9e de lecture estim\u00e9e\" \/>\n\t<meta name=\"twitter:data1\" content=\"2 minutes\" \/>\n<script type=\"application\/ld+json\" class=\"yoast-schema-graph\">{\"@context\":\"https:\/\/schema.org\",\"@graph\":[{\"@type\":\"WebPage\",\"@id\":\"https:\/\/consultprevsante.com\/index.php\/pour-rester-en-bonne-sante\/\",\"url\":\"https:\/\/consultprevsante.com\/index.php\/pour-rester-en-bonne-sante\/\",\"name\":\"Pour rester en bonne sant\u00e9.... - CONSULT PREV SANTE\",\"isPartOf\":{\"@id\":\"https:\/\/consultprevsante.com\/#website\"},\"primaryImageOfPage\":{\"@id\":\"https:\/\/consultprevsante.com\/index.php\/pour-rester-en-bonne-sante\/#primaryimage\"},\"image\":{\"@id\":\"https:\/\/consultprevsante.com\/index.php\/pour-rester-en-bonne-sante\/#primaryimage\"},\"thumbnailUrl\":\"http:\/\/consultprevsante.com\/wp-content\/uploads\/2019\/02\/accueil2-300x212.jpg\",\"datePublished\":\"2019-02-15T14:24:51+00:00\",\"dateModified\":\"2025-01-14T09:24:09+00:00\",\"breadcrumb\":{\"@id\":\"https:\/\/consultprevsante.com\/index.php\/pour-rester-en-bonne-sante\/#breadcrumb\"},\"inLanguage\":\"fr-FR\",\"potentialAction\":[{\"@type\":\"ReadAction\",\"target\":[\"https:\/\/consultprevsante.com\/index.php\/pour-rester-en-bonne-sante\/\"]}]},{\"@type\":\"ImageObject\",\"inLanguage\":\"fr-FR\",\"@id\":\"https:\/\/consultprevsante.com\/index.php\/pour-rester-en-bonne-sante\/#primaryimage\",\"url\":\"https:\/\/consultprevsante.com\/wp-content\/uploads\/2019\/02\/accueil2.jpg\",\"contentUrl\":\"https:\/\/consultprevsante.com\/wp-content\/uploads\/2019\/02\/accueil2.jpg\",\"width\":4860,\"height\":3440},{\"@type\":\"BreadcrumbList\",\"@id\":\"https:\/\/consultprevsante.com\/index.php\/pour-rester-en-bonne-sante\/#breadcrumb\",\"itemListElement\":[{\"@type\":\"ListItem\",\"position\":1,\"name\":\"Accueil\",\"item\":\"https:\/\/consultprevsante.com\/\"},{\"@type\":\"ListItem\",\"position\":2,\"name\":\"Pour rester en bonne sant\u00e9&#8230;.\"}]},{\"@type\":\"WebSite\",\"@id\":\"https:\/\/consultprevsante.com\/#website\",\"url\":\"https:\/\/consultprevsante.com\/\",\"name\":\"CONSULT PREV SANTE\",\"description\":\"CONSULT PREV SANTE\",\"publisher\":{\"@id\":\"https:\/\/consultprevsante.com\/#organization\"},\"potentialAction\":[{\"@type\":\"SearchAction\",\"target\":{\"@type\":\"EntryPoint\",\"urlTemplate\":\"https:\/\/consultprevsante.com\/?s={search_term_string}\"},\"query-input\":{\"@type\":\"PropertyValueSpecification\",\"valueRequired\":true,\"valueName\":\"search_term_string\"}}],\"inLanguage\":\"fr-FR\"},{\"@type\":\"Organization\",\"@id\":\"https:\/\/consultprevsante.com\/#organization\",\"name\":\"CONSULT PREV SANTE\",\"url\":\"https:\/\/consultprevsante.com\/\",\"logo\":{\"@type\":\"ImageObject\",\"inLanguage\":\"fr-FR\",\"@id\":\"https:\/\/consultprevsante.com\/#\/schema\/logo\/image\/\",\"url\":\"https:\/\/consultprevsante.com\/wp-content\/uploads\/2019\/03\/cropped-logo-consult-4-1.jpg\",\"contentUrl\":\"https:\/\/consultprevsante.com\/wp-content\/uploads\/2019\/03\/cropped-logo-consult-4-1.jpg\",\"width\":300,\"height\":267,\"caption\":\"CONSULT PREV SANTE\"},\"image\":{\"@id\":\"https:\/\/consultprevsante.com\/#\/schema\/logo\/image\/\"}}]}<\/script>\n<!-- \/ Yoast SEO plugin. -->","yoast_head_json":{"title":"Pour rester en bonne sant\u00e9.... - CONSULT PREV SANTE","robots":{"index":"index","follow":"follow","max-snippet":"max-snippet:-1","max-image-preview":"max-image-preview:large","max-video-preview":"max-video-preview:-1"},"canonical":"https:\/\/consultprevsante.com\/index.php\/pour-rester-en-bonne-sante\/","og_locale":"fr_FR","og_type":"article","og_title":"Pour rester en bonne sant\u00e9.... - CONSULT PREV SANTE","og_description":"Une m\u00e9thodologie sur-mesure est l\u00e0 pour vous permettre de faire le point. Qu\u2019est-ce qui est bon pour moi afin de ne pas tomber malade&nbsp;? Qu\u2019est ce qui est bon pour moi en fonction de mon \u00e2ge, mon activit\u00e9 professionnelle, mon \u00e9tat \u00e9motionnel et mes ant\u00e9c\u00e9dents familiaux&nbsp;? Consult Prev\u2019Sant\u00e9, gr\u00e2ce \u00e0 un COACHING cibl\u00e9 et personnalis\u00e9 [&hellip;]","og_url":"https:\/\/consultprevsante.com\/index.php\/pour-rester-en-bonne-sante\/","og_site_name":"CONSULT PREV SANTE","article_modified_time":"2025-01-14T09:24:09+00:00","og_image":[{"url":"http:\/\/consultprevsante.com\/wp-content\/uploads\/2019\/02\/accueil2-300x212.jpg","type":"","width":"","height":""}],"twitter_card":"summary_large_image","twitter_misc":{"Dur\u00e9e de lecture estim\u00e9e":"2 minutes"},"schema":{"@context":"https:\/\/schema.org","@graph":[{"@type":"WebPage","@id":"https:\/\/consultprevsante.com\/index.php\/pour-rester-en-bonne-sante\/","url":"https:\/\/consultprevsante.com\/index.php\/pour-rester-en-bonne-sante\/","name":"Pour rester en bonne sant\u00e9.... - CONSULT PREV SANTE","isPartOf":{"@id":"https:\/\/consultprevsante.com\/#website"},"primaryImageOfPage":{"@id":"https:\/\/consultprevsante.com\/index.php\/pour-rester-en-bonne-sante\/#primaryimage"},"image":{"@id":"https:\/\/consultprevsante.com\/index.php\/pour-rester-en-bonne-sante\/#primaryimage"},"thumbnailUrl":"http:\/\/consultprevsante.com\/wp-content\/uploads\/2019\/02\/accueil2-300x212.jpg","datePublished":"2019-02-15T14:24:51+00:00","dateModified":"2025-01-14T09:24:09+00:00","breadcrumb":{"@id":"https:\/\/consultprevsante.com\/index.php\/pour-rester-en-bonne-sante\/#breadcrumb"},"inLanguage":"fr-FR","potentialAction":[{"@type":"ReadAction","target":["https:\/\/consultprevsante.com\/index.php\/pour-rester-en-bonne-sante\/"]}]},{"@type":"ImageObject","inLanguage":"fr-FR","@id":"https:\/\/consultprevsante.com\/index.php\/pour-rester-en-bonne-sante\/#primaryimage","url":"https:\/\/consultprevsante.com\/wp-content\/uploads\/2019\/02\/accueil2.jpg","contentUrl":"https:\/\/consultprevsante.com\/wp-content\/uploads\/2019\/02\/accueil2.jpg","width":4860,"height":3440},{"@type":"BreadcrumbList","@id":"https:\/\/consultprevsante.com\/index.php\/pour-rester-en-bonne-sante\/#breadcrumb","itemListElement":[{"@type":"ListItem","position":1,"name":"Accueil","item":"https:\/\/consultprevsante.com\/"},{"@type":"ListItem","position":2,"name":"Pour rester en bonne sant\u00e9&#8230;."}]},{"@type":"WebSite","@id":"https:\/\/consultprevsante.com\/#website","url":"https:\/\/consultprevsante.com\/","name":"CONSULT PREV SANTE","description":"CONSULT PREV SANTE","publisher":{"@id":"https:\/\/consultprevsante.com\/#organization"},"potentialAction":[{"@type":"SearchAction","target":{"@type":"EntryPoint","urlTemplate":"https:\/\/consultprevsante.com\/?s={search_term_string}"},"query-input":{"@type":"PropertyValueSpecification","valueRequired":true,"valueName":"search_term_string"}}],"inLanguage":"fr-FR"},{"@type":"Organization","@id":"https:\/\/consultprevsante.com\/#organization","name":"CONSULT PREV SANTE","url":"https:\/\/consultprevsante.com\/","logo":{"@type":"ImageObject","inLanguage":"fr-FR","@id":"https:\/\/consultprevsante.com\/#\/schema\/logo\/image\/","url":"https:\/\/consultprevsante.com\/wp-content\/uploads\/2019\/03\/cropped-logo-consult-4-1.jpg","contentUrl":"https:\/\/consultprevsante.com\/wp-content\/uploads\/2019\/03\/cropped-logo-consult-4-1.jpg","width":300,"height":267,"caption":"CONSULT PREV SANTE"},"image":{"@id":"https:\/\/consultprevsante.com\/#\/schema\/logo\/image\/"}}]}},"_links":{"self":[{"href":"https:\/\/consultprevsante.com\/index.php\/wp-json\/wp\/v2\/pages\/972","targetHints":{"allow":["GET"]}}],"collection":[{"href":"https:\/\/consultprevsante.com\/index.php\/wp-json\/wp\/v2\/pages"}],"about":[{"href":"https:\/\/consultprevsante.com\/index.php\/wp-json\/wp\/v2\/types\/page"}],"author":[{"embeddable":true,"href":"https:\/\/consultprevsante.com\/index.php\/wp-json\/wp\/v2\/users\/1"}],"replies":[{"embeddable":true,"href":"https:\/\/consultprevsante.com\/index.php\/wp-json\/wp\/v2\/comments?post=972"}],"version-history":[{"count":20,"href":"https:\/\/consultprevsante.com\/index.php\/wp-json\/wp\/v2\/pages\/972\/revisions"}],"predecessor-version":[{"id":2940,"href":"https:\/\/consultprevsante.com\/index.php\/wp-json\/wp\/v2\/pages\/972\/revisions\/2940"}],"wp:attachment":[{"href":"https:\/\/consultprevsante.com\/index.php\/wp-json\/wp\/v2\/media?parent=972"}],"curies":[{"name":"wp","href":"https:\/\/api.w.org\/{rel}","templated":true}]}}